{"id":141,"date":"2025-03-26T12:47:30","date_gmt":"2025-03-26T11:47:30","guid":{"rendered":"https:\/\/castor-pollux-bateau.com\/?post_type=product&#038;p=141"},"modified":"2026-01-05T08:54:17","modified_gmt":"2026-01-05T07:54:17","slug":"permis-bateau-cotier-formule-prestige","status":"publish","type":"product","link":"https:\/\/castor-pollux-bateau.com\/index.php\/produit\/permis-bateau-cotier-formule-prestige\/","title":{"rendered":"Permis Bateau C\u00f4tier &#8211; Formule Prestige"},"content":{"rendered":"<ul>\n<li>Cours th\u00e9orique 6h30 soirs ou week-end au choix<\/li>\n<li>Formation pratique 4h de navigation seul avec le moniteur sur le bateau au Cap-ferret<\/li>\n<li>Gestion administrative jusqu&#8217;\u00e0 obtention du permis bateau<\/li>\n<li><strong>OFFERT : <\/strong>Acc\u00e8s imm\u00e9diat \u00e0 votre formation en 100% illimit\u00e9 en ligne &#8211; (valeur 20\u20ac)<\/li>\n<li><strong>OFFERT : <\/strong>Coffret p\u00e9dagogique avec livre de code, livret du candidat, bloc note, stylo &#8211; (valeur 20\u20ac)<\/li>\n<li><strong>50\u20ac de remise<\/strong> pour la location sur 1 journ\u00e9e de nos bateaux<\/li>\n<\/ul>\n<p><span style=\"font-weight: 400;\">\u2705Compris en plus de votre formule <strong>ESSENTIEL : <\/strong><\/span><span style=\"font-weight: 400;\">Une fois votre permis bateau en poche, d\u00e9couvrez le bassin d\u2019Arcachon, l\u2019un des plus beaux et des plus complexes plans d\u2019eau de France le temps d\u2019une journ\u00e9e. RDV au port d\u2019Arcachon pour une sortie en mer conviviale, vous pilotez, le formateur vous guide. Vous \u00eates chef de bord\u202f!<\/span><\/p>\n<p>&nbsp;<\/p>\n<ul>\n<li style=\"font-weight: 400;\" aria-level=\"1\"><span style=\"font-weight: 400;\">Exercices de man\u0153uvres au Port d\u2019Arcachon et du Cap Ferret<\/span><\/li>\n<li style=\"font-weight: 400;\" aria-level=\"1\"><span style=\"font-weight: 400;\">Mouillage \u00e0 l&#8217;\u00eele aux oiseaux, \u00e0 la dune du Pyla en face du banc d\u2019Arguin.<\/span><\/li>\n<li style=\"font-weight: 400;\" aria-level=\"1\"><span style=\"font-weight: 400;\">Utilisation du GPS &amp; sondeur<\/span><\/li>\n<li style=\"font-weight: 400;\" aria-level=\"1\"><span style=\"font-weight: 400;\">Navigation autour des bancs de sables et des parcs \u00e0 hu\u00eetres<\/span><\/li>\n<li style=\"font-weight: 400;\" aria-level=\"1\"><span style=\"font-weight: 400;\">Repas plateaux de fruits de mer chez l&#8217;ostr\u00e9iculteur (\u00e0 la charge du client).<\/span><\/li>\n<li style=\"font-weight: 400;\" aria-level=\"1\"><span style=\"font-weight: 400;\">Bateau semi-rigide joker boat 7 m\u00e8tres 200 CV<\/span><\/li>\n<li style=\"font-weight: 400;\" aria-level=\"1\"><span style=\"font-weight: 400;\"><strong>OFFERT :<\/strong> Option permis fluvial &#8211; (valeur 89\u20ac)<\/span><\/li>\n<\/ul>\n","protected":false},"excerpt":{"rendered":"<p><span style=\"font-weight: 400;\">\u201cEn plus de votre permis bateau, vivez une exp\u00e9rience unique\u202f! Embarquez \u00e0 bord pour une journ\u00e9e de navigation et de d\u00e9couverte sur le bassin d\u2019Arcachon\u201d.<\/span><\/p>\n","protected":false},"featured_media":45,"template":"","meta":[],"product_brand":[],"product_cat":[22],"product_tag":[],"class_list":{"0":"post-141","1":"product","2":"type-product","3":"status-publish","4":"has-post-thumbnail","6":"product_cat-permis-cotier","8":"first","9":"instock","10":"taxable","11":"shipping-taxable","12":"purchasable","13":"product-type-simple"},"yoast_head":"<!-- This site is optimized with the Yoast SEO plugin v27.4 - https:\/\/yoast.com\/product\/yoast-seo-wordpress\/ -->\n<title>Permis Bateau C\u00f4tier - Formule Prestige - Castor et Pollux<\/title>\n<meta name=\"description\" content=\"Vivez une exp\u00e9rience exclusive avec la formule Prestige du permis bateau c\u00f4tier sur le Bassin d\u2019Arcachon ! Coaching individuel, planning sur mesure et formation haut de gamme pour naviguer en toute s\u00e9r\u00e9nit\u00e9.\" \/>\n<meta name=\"robots\" content=\"index, follow, max-snippet:-1, max-image-preview:large, max-video-preview:-1\" \/>\n<link rel=\"canonical\" href=\"https:\/\/castor-pollux-bateau.com\/index.php\/produit\/permis-bateau-cotier-formule-prestige\/\" \/>\n<meta property=\"og:locale\" content=\"en_US\" \/>\n<meta property=\"og:type\" content=\"article\" \/>\n<meta property=\"og:title\" content=\"Permis Bateau C\u00f4tier - Formule Prestige - Castor et Pollux\" \/>\n<meta property=\"og:description\" content=\"Vivez une exp\u00e9rience exclusive avec la formule Prestige du permis bateau c\u00f4tier sur le Bassin d\u2019Arcachon ! Coaching individuel, planning sur mesure et formation haut de gamme pour naviguer en toute s\u00e9r\u00e9nit\u00e9.\" \/>\n<meta property=\"og:url\" content=\"https:\/\/castor-pollux-bateau.com\/index.php\/produit\/permis-bateau-cotier-formule-prestige\/\" \/>\n<meta property=\"og:site_name\" content=\"Castor et Pollux\" \/>\n<meta property=\"article:modified_time\" content=\"2026-01-05T07:54:17+00:00\" \/>\n<meta property=\"og:image\" content=\"http:\/\/castor-pollux-bateau.com\/wp-content\/uploads\/2025\/03\/permis-bateau-cotier-prestige.webp\" \/>\n\t<meta property=\"og:image:width\" content=\"1080\" \/>\n\t<meta property=\"og:image:height\" content=\"1080\" \/>\n\t<meta property=\"og:image:type\" content=\"image\/webp\" \/>\n<meta name=\"twitter:card\" content=\"summary_large_image\" \/>\n<meta name=\"twitter:label1\" content=\"Est. reading time\" \/>\n\t<meta name=\"twitter:data1\" content=\"2 minutes\" \/>\n<script type=\"application\/ld+json\" class=\"yoast-schema-graph\">{\"@context\":\"https:\\\/\\\/schema.org\",\"@graph\":[{\"@type\":\"WebPage\",\"@id\":\"https:\\\/\\\/castor-pollux-bateau.com\\\/index.php\\\/produit\\\/permis-bateau-cotier-formule-prestige\\\/\",\"url\":\"https:\\\/\\\/castor-pollux-bateau.com\\\/index.php\\\/produit\\\/permis-bateau-cotier-formule-prestige\\\/\",\"name\":\"Permis Bateau C\u00f4tier - Formule Prestige - Castor et Pollux\",\"isPartOf\":{\"@id\":\"https:\\\/\\\/castor-pollux-bateau.com\\\/#website\"},\"primaryImageOfPage\":{\"@id\":\"https:\\\/\\\/castor-pollux-bateau.com\\\/index.php\\\/produit\\\/permis-bateau-cotier-formule-prestige\\\/#primaryimage\"},\"image\":{\"@id\":\"https:\\\/\\\/castor-pollux-bateau.com\\\/index.php\\\/produit\\\/permis-bateau-cotier-formule-prestige\\\/#primaryimage\"},\"thumbnailUrl\":\"https:\\\/\\\/castor-pollux-bateau.com\\\/wp-content\\\/uploads\\\/2025\\\/03\\\/permis-bateau-cotier-prestige.webp\",\"datePublished\":\"2025-03-26T11:47:30+00:00\",\"dateModified\":\"2026-01-05T07:54:17+00:00\",\"description\":\"Vivez une exp\u00e9rience exclusive avec la formule Prestige du permis bateau c\u00f4tier sur le Bassin d\u2019Arcachon ! Coaching individuel, planning sur mesure et formation haut de gamme pour naviguer en toute s\u00e9r\u00e9nit\u00e9.\",\"breadcrumb\":{\"@id\":\"https:\\\/\\\/castor-pollux-bateau.com\\\/index.php\\\/produit\\\/permis-bateau-cotier-formule-prestige\\\/#breadcrumb\"},\"inLanguage\":\"en-US\",\"potentialAction\":[{\"@type\":\"ReadAction\",\"target\":[\"https:\\\/\\\/castor-pollux-bateau.com\\\/index.php\\\/produit\\\/permis-bateau-cotier-formule-prestige\\\/\"]}]},{\"@type\":\"ImageObject\",\"inLanguage\":\"en-US\",\"@id\":\"https:\\\/\\\/castor-pollux-bateau.com\\\/index.php\\\/produit\\\/permis-bateau-cotier-formule-prestige\\\/#primaryimage\",\"url\":\"https:\\\/\\\/castor-pollux-bateau.com\\\/wp-content\\\/uploads\\\/2025\\\/03\\\/permis-bateau-cotier-prestige.webp\",\"contentUrl\":\"https:\\\/\\\/castor-pollux-bateau.com\\\/wp-content\\\/uploads\\\/2025\\\/03\\\/permis-bateau-cotier-prestige.webp\",\"width\":1080,\"height\":1080},{\"@type\":\"BreadcrumbList\",\"@id\":\"https:\\\/\\\/castor-pollux-bateau.com\\\/index.php\\\/produit\\\/permis-bateau-cotier-formule-prestige\\\/#breadcrumb\",\"itemListElement\":[{\"@type\":\"ListItem\",\"position\":1,\"name\":\"Accueil\",\"item\":\"https:\\\/\\\/castor-pollux-bateau.com\\\/\"},{\"@type\":\"ListItem\",\"position\":2,\"name\":\"Boutique\",\"item\":\"https:\\\/\\\/castor-pollux-bateau.com\\\/\"},{\"@type\":\"ListItem\",\"position\":3,\"name\":\"Permis Bateau C\u00f4tier &#8211; Formule Prestige\"}]},{\"@type\":\"WebSite\",\"@id\":\"https:\\\/\\\/castor-pollux-bateau.com\\\/#website\",\"url\":\"https:\\\/\\\/castor-pollux-bateau.com\\\/\",\"name\":\"Castor et Pollux\",\"description\":\"\",\"publisher\":{\"@id\":\"https:\\\/\\\/castor-pollux-bateau.com\\\/#organization\"},\"potentialAction\":[{\"@type\":\"SearchAction\",\"target\":{\"@type\":\"EntryPoint\",\"urlTemplate\":\"https:\\\/\\\/castor-pollux-bateau.com\\\/?s={search_term_string}\"},\"query-input\":{\"@type\":\"PropertyValueSpecification\",\"valueRequired\":true,\"valueName\":\"search_term_string\"}}],\"inLanguage\":\"en-US\"},{\"@type\":\"Organization\",\"@id\":\"https:\\\/\\\/castor-pollux-bateau.com\\\/#organization\",\"name\":\"Castor et Pollux\",\"url\":\"https:\\\/\\\/castor-pollux-bateau.com\\\/\",\"logo\":{\"@type\":\"ImageObject\",\"inLanguage\":\"en-US\",\"@id\":\"https:\\\/\\\/castor-pollux-bateau.com\\\/#\\\/schema\\\/logo\\\/image\\\/\",\"url\":\"https:\\\/\\\/castor-pollux-bateau.com\\\/wp-content\\\/uploads\\\/2025\\\/03\\\/Logo-CastorPollux.png\",\"contentUrl\":\"https:\\\/\\\/castor-pollux-bateau.com\\\/wp-content\\\/uploads\\\/2025\\\/03\\\/Logo-CastorPollux.png\",\"width\":640,\"height\":425,\"caption\":\"Castor et Pollux\"},\"image\":{\"@id\":\"https:\\\/\\\/castor-pollux-bateau.com\\\/#\\\/schema\\\/logo\\\/image\\\/\"}}]}<\/script>\n<!-- \/ Yoast SEO plugin. -->","yoast_head_json":{"title":"Permis Bateau C\u00f4tier - Formule Prestige - Castor et Pollux","description":"Vivez une exp\u00e9rience exclusive avec la formule Prestige du permis bateau c\u00f4tier sur le Bassin d\u2019Arcachon ! Coaching individuel, planning sur mesure et formation haut de gamme pour naviguer en toute s\u00e9r\u00e9nit\u00e9.","robots":{"index":"index","follow":"follow","max-snippet":"max-snippet:-1","max-image-preview":"max-image-preview:large","max-video-preview":"max-video-preview:-1"},"canonical":"https:\/\/castor-pollux-bateau.com\/index.php\/produit\/permis-bateau-cotier-formule-prestige\/","og_locale":"en_US","og_type":"article","og_title":"Permis Bateau C\u00f4tier - Formule Prestige - Castor et Pollux","og_description":"Vivez une exp\u00e9rience exclusive avec la formule Prestige du permis bateau c\u00f4tier sur le Bassin d\u2019Arcachon ! Coaching individuel, planning sur mesure et formation haut de gamme pour naviguer en toute s\u00e9r\u00e9nit\u00e9.","og_url":"https:\/\/castor-pollux-bateau.com\/index.php\/produit\/permis-bateau-cotier-formule-prestige\/","og_site_name":"Castor et Pollux","article_modified_time":"2026-01-05T07:54:17+00:00","og_image":[{"width":1080,"height":1080,"url":"http:\/\/castor-pollux-bateau.com\/wp-content\/uploads\/2025\/03\/permis-bateau-cotier-prestige.webp","type":"image\/webp"}],"twitter_card":"summary_large_image","twitter_misc":{"Est. reading time":"2 minutes"},"schema":{"@context":"https:\/\/schema.org","@graph":[{"@type":"WebPage","@id":"https:\/\/castor-pollux-bateau.com\/index.php\/produit\/permis-bateau-cotier-formule-prestige\/","url":"https:\/\/castor-pollux-bateau.com\/index.php\/produit\/permis-bateau-cotier-formule-prestige\/","name":"Permis Bateau C\u00f4tier - Formule Prestige - Castor et Pollux","isPartOf":{"@id":"https:\/\/castor-pollux-bateau.com\/#website"},"primaryImageOfPage":{"@id":"https:\/\/castor-pollux-bateau.com\/index.php\/produit\/permis-bateau-cotier-formule-prestige\/#primaryimage"},"image":{"@id":"https:\/\/castor-pollux-bateau.com\/index.php\/produit\/permis-bateau-cotier-formule-prestige\/#primaryimage"},"thumbnailUrl":"https:\/\/castor-pollux-bateau.com\/wp-content\/uploads\/2025\/03\/permis-bateau-cotier-prestige.webp","datePublished":"2025-03-26T11:47:30+00:00","dateModified":"2026-01-05T07:54:17+00:00","description":"Vivez une exp\u00e9rience exclusive avec la formule Prestige du permis bateau c\u00f4tier sur le Bassin d\u2019Arcachon ! Coaching individuel, planning sur mesure et formation haut de gamme pour naviguer en toute s\u00e9r\u00e9nit\u00e9.","breadcrumb":{"@id":"https:\/\/castor-pollux-bateau.com\/index.php\/produit\/permis-bateau-cotier-formule-prestige\/#breadcrumb"},"inLanguage":"en-US","potentialAction":[{"@type":"ReadAction","target":["https:\/\/castor-pollux-bateau.com\/index.php\/produit\/permis-bateau-cotier-formule-prestige\/"]}]},{"@type":"ImageObject","inLanguage":"en-US","@id":"https:\/\/castor-pollux-bateau.com\/index.php\/produit\/permis-bateau-cotier-formule-prestige\/#primaryimage","url":"https:\/\/castor-pollux-bateau.com\/wp-content\/uploads\/2025\/03\/permis-bateau-cotier-prestige.webp","contentUrl":"https:\/\/castor-pollux-bateau.com\/wp-content\/uploads\/2025\/03\/permis-bateau-cotier-prestige.webp","width":1080,"height":1080},{"@type":"BreadcrumbList","@id":"https:\/\/castor-pollux-bateau.com\/index.php\/produit\/permis-bateau-cotier-formule-prestige\/#breadcrumb","itemListElement":[{"@type":"ListItem","position":1,"name":"Accueil","item":"https:\/\/castor-pollux-bateau.com\/"},{"@type":"ListItem","position":2,"name":"Boutique","item":"https:\/\/castor-pollux-bateau.com\/"},{"@type":"ListItem","position":3,"name":"Permis Bateau C\u00f4tier &#8211; Formule Prestige"}]},{"@type":"WebSite","@id":"https:\/\/castor-pollux-bateau.com\/#website","url":"https:\/\/castor-pollux-bateau.com\/","name":"Castor et Pollux","description":"","publisher":{"@id":"https:\/\/castor-pollux-bateau.com\/#organization"},"potentialAction":[{"@type":"SearchAction","target":{"@type":"EntryPoint","urlTemplate":"https:\/\/castor-pollux-bateau.com\/?s={search_term_string}"},"query-input":{"@type":"PropertyValueSpecification","valueRequired":true,"valueName":"search_term_string"}}],"inLanguage":"en-US"},{"@type":"Organization","@id":"https:\/\/castor-pollux-bateau.com\/#organization","name":"Castor et Pollux","url":"https:\/\/castor-pollux-bateau.com\/","logo":{"@type":"ImageObject","inLanguage":"en-US","@id":"https:\/\/castor-pollux-bateau.com\/#\/schema\/logo\/image\/","url":"https:\/\/castor-pollux-bateau.com\/wp-content\/uploads\/2025\/03\/Logo-CastorPollux.png","contentUrl":"https:\/\/castor-pollux-bateau.com\/wp-content\/uploads\/2025\/03\/Logo-CastorPollux.png","width":640,"height":425,"caption":"Castor et Pollux"},"image":{"@id":"https:\/\/castor-pollux-bateau.com\/#\/schema\/logo\/image\/"}}]}},"_links":{"self":[{"href":"https:\/\/castor-pollux-bateau.com\/index.php\/wp-json\/wp\/v2\/product\/141","targetHints":{"allow":["GET"]}}],"collection":[{"href":"https:\/\/castor-pollux-bateau.com\/index.php\/wp-json\/wp\/v2\/product"}],"about":[{"href":"https:\/\/castor-pollux-bateau.com\/index.php\/wp-json\/wp\/v2\/types\/product"}],"wp:featuredmedia":[{"embeddable":true,"href":"https:\/\/castor-pollux-bateau.com\/index.php\/wp-json\/wp\/v2\/media\/45"}],"wp:attachment":[{"href":"https:\/\/castor-pollux-bateau.com\/index.php\/wp-json\/wp\/v2\/media?parent=141"}],"wp:term":[{"taxonomy":"product_brand","embeddable":true,"href":"https:\/\/castor-pollux-bateau.com\/index.php\/wp-json\/wp\/v2\/product_brand?post=141"},{"taxonomy":"product_cat","embeddable":true,"href":"https:\/\/castor-pollux-bateau.com\/index.php\/wp-json\/wp\/v2\/product_cat?post=141"},{"taxonomy":"product_tag","embeddable":true,"href":"https:\/\/castor-pollux-bateau.com\/index.php\/wp-json\/wp\/v2\/product_tag?post=141"}],"curies":[{"name":"wp","href":"https:\/\/api.w.org\/{rel}","templated":true}]}}