{"id":180,"date":"2025-03-28T14:10:51","date_gmt":"2025-03-28T13:10:51","guid":{"rendered":"https:\/\/castor-pollux-bateau.com\/?post_type=product&#038;p=180"},"modified":"2025-09-15T14:20:25","modified_gmt":"2025-09-15T12:20:25","slug":"permis-bateau-cotier-formule-express","status":"publish","type":"product","link":"https:\/\/castor-pollux-bateau.com\/index.php\/produit\/permis-bateau-cotier-formule-express\/","title":{"rendered":"Permis Bateau C\u00f4tier &#8211; Formule Express"},"content":{"rendered":"<p><strong>Vous privatisez le moniteur sur le Bassin d&#8217;Arcachon<\/strong>.<\/p>\n<p>Nous vous conseillons de\u00a0<strong>demander<\/strong>\u00a0<strong>des heures suppl\u00e9mentaires de pratique<\/strong> afin de vous donner toutes les chances de maitriser les yeux ferm\u00e9s l&#8217;ensemble des man\u0153uvres exig\u00e9es pour le\u00a0<strong>permis c\u00f4tier<\/strong>.<\/p>\n<p>D\u00e9couvrez les informations :<\/p>\n<ul>\n<li dir=\"ltr\" role=\"presentation\">kit p\u00e9dagogique (carnet, livre de code, papeterie)<\/li>\n<li dir=\"ltr\" role=\"presentation\">Acc\u00e8s illimit\u00e9 \u00e0 l&#8217;E-learning 24h\/24h : cours en lignes et tests d\u2019entrainement \u00e0 l\u2019examen du code<\/li>\n<li dir=\"ltr\" role=\"presentation\">Cours en salle 1 journ\u00e9e de\u00a0<strong>7 heures obligatoires<\/strong>\u00a0(\u00e0 planifier selon vos disponibilit\u00e9s)<\/li>\n<li dir=\"ltr\" role=\"presentation\">Pratique 2<strong>\u00a0heures<\/strong><strong>\u00a0\u00e0 la barre<\/strong>\u00a0du bateau<\/li>\n<li dir=\"ltr\" role=\"presentation\">inscription et dossier<\/li>\n<li dir=\"ltr\" role=\"presentation\">forfait 700\u20ac<\/li>\n<li dir=\"ltr\" role=\"presentation\">offerts cours et tests en ligne afin\u00a0<a href=\"https:\/\/www.castoretpollux.net\/details-obtenir+le+certificat+restreint+de+radiotelephonie+crr+sur+le+bassin+d+arcachon-434\"><strong>d&#8217;obtenir le CRR<\/strong><\/a><\/li>\n<li>Pr\u00e9voir en sus 2 timbres fiscaux : 78\u20ac pour l&#8217;\u00e9mission du permis, et 30\u20ac pour le passage du code<\/li>\n<\/ul>\n<p>Si vous venez\u00a0<strong>\u00e0 deux, nous<\/strong>\u00a0pouvons\u00a0<strong>ajuster le tarif<\/strong><\/p>\n<p>Nous vous offrons les cours et tests en ligne afin <a href=\"https:\/\/www.castoretpollux.net\/details-obtenir+le+certificat+restreint+de+radiotelephonie+crr+sur+le+bassin+d+arcachon-434\"><strong>d&#8217;obtenir le CRR<\/strong><\/a><\/p>\n","protected":false},"excerpt":{"rendered":"<p>L&#8217;agenda de chacun est en g\u00e9n\u00e9ral tr\u00e8s charg\u00e9. De plus on souhaite profiter de son bateau ou de sa location le plus vite possible au\u00a0<strong>Cap Ferret<\/strong>.<\/p>\n<p>C&#8217;est ainsi que\u00a0<strong>Castor et Pollux<\/strong>\u00a0vous propose une\u00a0<strong>solution<\/strong>\u00a0dite &#8220;<strong>express<\/strong>&#8221; afin de vous faire passer la th\u00e9orie (7 heures) et la pratique (2 heures \u00e0 la barre) en\u00a0<strong>une grosse journ\u00e9e en mode cours particuliers<\/strong>.<\/p>\n","protected":false},"featured_media":23,"template":"","meta":[],"product_brand":[],"product_cat":[22],"product_tag":[],"class_list":{"0":"post-180","1":"product","2":"type-product","3":"status-publish","4":"has-post-thumbnail","6":"product_cat-permis-cotier","8":"first","9":"instock","10":"taxable","11":"shipping-taxable","12":"purchasable","13":"product-type-simple"},"yoast_head":"<!-- This site is optimized with the Yoast SEO plugin v27.4 - https:\/\/yoast.com\/product\/yoast-seo-wordpress\/ -->\n<title>Permis Bateau C\u00f4tier - Formule Express - Castor et Pollux<\/title>\n<meta name=\"description\" content=\"Obtenez votre permis bateau c\u00f4tier sur le Bassin d&#039;Arcachon en un temps record ! Formation intensive pour ma\u00eetriser la navigation et r\u00e9ussir l&#039;examen rapidement. Embarquez sans attendre !\" \/>\n<meta name=\"robots\" content=\"index, follow, max-snippet:-1, max-image-preview:large, max-video-preview:-1\" \/>\n<link rel=\"canonical\" href=\"https:\/\/castor-pollux-bateau.com\/index.php\/produit\/permis-bateau-cotier-formule-express\/\" \/>\n<meta property=\"og:locale\" content=\"en_US\" \/>\n<meta property=\"og:type\" content=\"article\" \/>\n<meta property=\"og:title\" content=\"Permis Bateau C\u00f4tier - Formule Express - Castor et Pollux\" \/>\n<meta property=\"og:description\" content=\"Obtenez votre permis bateau c\u00f4tier sur le Bassin d&#039;Arcachon en un temps record ! Formation intensive pour ma\u00eetriser la navigation et r\u00e9ussir l&#039;examen rapidement. Embarquez sans attendre !\" \/>\n<meta property=\"og:url\" content=\"https:\/\/castor-pollux-bateau.com\/index.php\/produit\/permis-bateau-cotier-formule-express\/\" \/>\n<meta property=\"og:site_name\" content=\"Castor et Pollux\" \/>\n<meta property=\"article:modified_time\" content=\"2025-09-15T12:20:25+00:00\" \/>\n<meta property=\"og:image\" content=\"http:\/\/castor-pollux-bateau.com\/wp-content\/uploads\/2025\/03\/FLYER-3.webp\" \/>\n\t<meta property=\"og:image:width\" content=\"850\" \/>\n\t<meta property=\"og:image:height\" content=\"734\" \/>\n\t<meta property=\"og:image:type\" content=\"image\/webp\" \/>\n<meta name=\"twitter:card\" content=\"summary_large_image\" \/>\n<meta name=\"twitter:label1\" content=\"Est. reading time\" \/>\n\t<meta name=\"twitter:data1\" content=\"1 minute\" \/>\n<script type=\"application\/ld+json\" class=\"yoast-schema-graph\">{\"@context\":\"https:\\\/\\\/schema.org\",\"@graph\":[{\"@type\":\"WebPage\",\"@id\":\"https:\\\/\\\/castor-pollux-bateau.com\\\/index.php\\\/produit\\\/permis-bateau-cotier-formule-express\\\/\",\"url\":\"https:\\\/\\\/castor-pollux-bateau.com\\\/index.php\\\/produit\\\/permis-bateau-cotier-formule-express\\\/\",\"name\":\"Permis Bateau C\u00f4tier - Formule Express - Castor et Pollux\",\"isPartOf\":{\"@id\":\"https:\\\/\\\/castor-pollux-bateau.com\\\/#website\"},\"primaryImageOfPage\":{\"@id\":\"https:\\\/\\\/castor-pollux-bateau.com\\\/index.php\\\/produit\\\/permis-bateau-cotier-formule-express\\\/#primaryimage\"},\"image\":{\"@id\":\"https:\\\/\\\/castor-pollux-bateau.com\\\/index.php\\\/produit\\\/permis-bateau-cotier-formule-express\\\/#primaryimage\"},\"thumbnailUrl\":\"https:\\\/\\\/castor-pollux-bateau.com\\\/wp-content\\\/uploads\\\/2025\\\/03\\\/FLYER-3.webp\",\"datePublished\":\"2025-03-28T13:10:51+00:00\",\"dateModified\":\"2025-09-15T12:20:25+00:00\",\"description\":\"Obtenez votre permis bateau c\u00f4tier sur le Bassin d'Arcachon en un temps record ! Formation intensive pour ma\u00eetriser la navigation et r\u00e9ussir l'examen rapidement. Embarquez sans attendre !\",\"breadcrumb\":{\"@id\":\"https:\\\/\\\/castor-pollux-bateau.com\\\/index.php\\\/produit\\\/permis-bateau-cotier-formule-express\\\/#breadcrumb\"},\"inLanguage\":\"en-US\",\"potentialAction\":[{\"@type\":\"ReadAction\",\"target\":[\"https:\\\/\\\/castor-pollux-bateau.com\\\/index.php\\\/produit\\\/permis-bateau-cotier-formule-express\\\/\"]}]},{\"@type\":\"ImageObject\",\"inLanguage\":\"en-US\",\"@id\":\"https:\\\/\\\/castor-pollux-bateau.com\\\/index.php\\\/produit\\\/permis-bateau-cotier-formule-express\\\/#primaryimage\",\"url\":\"https:\\\/\\\/castor-pollux-bateau.com\\\/wp-content\\\/uploads\\\/2025\\\/03\\\/FLYER-3.webp\",\"contentUrl\":\"https:\\\/\\\/castor-pollux-bateau.com\\\/wp-content\\\/uploads\\\/2025\\\/03\\\/FLYER-3.webp\",\"width\":850,\"height\":734},{\"@type\":\"BreadcrumbList\",\"@id\":\"https:\\\/\\\/castor-pollux-bateau.com\\\/index.php\\\/produit\\\/permis-bateau-cotier-formule-express\\\/#breadcrumb\",\"itemListElement\":[{\"@type\":\"ListItem\",\"position\":1,\"name\":\"Accueil\",\"item\":\"https:\\\/\\\/castor-pollux-bateau.com\\\/\"},{\"@type\":\"ListItem\",\"position\":2,\"name\":\"Boutique\",\"item\":\"https:\\\/\\\/castor-pollux-bateau.com\\\/\"},{\"@type\":\"ListItem\",\"position\":3,\"name\":\"Permis Bateau C\u00f4tier &#8211; Formule Express\"}]},{\"@type\":\"WebSite\",\"@id\":\"https:\\\/\\\/castor-pollux-bateau.com\\\/#website\",\"url\":\"https:\\\/\\\/castor-pollux-bateau.com\\\/\",\"name\":\"Castor et Pollux\",\"description\":\"\",\"publisher\":{\"@id\":\"https:\\\/\\\/castor-pollux-bateau.com\\\/#organization\"},\"potentialAction\":[{\"@type\":\"SearchAction\",\"target\":{\"@type\":\"EntryPoint\",\"urlTemplate\":\"https:\\\/\\\/castor-pollux-bateau.com\\\/?s={search_term_string}\"},\"query-input\":{\"@type\":\"PropertyValueSpecification\",\"valueRequired\":true,\"valueName\":\"search_term_string\"}}],\"inLanguage\":\"en-US\"},{\"@type\":\"Organization\",\"@id\":\"https:\\\/\\\/castor-pollux-bateau.com\\\/#organization\",\"name\":\"Castor et Pollux\",\"url\":\"https:\\\/\\\/castor-pollux-bateau.com\\\/\",\"logo\":{\"@type\":\"ImageObject\",\"inLanguage\":\"en-US\",\"@id\":\"https:\\\/\\\/castor-pollux-bateau.com\\\/#\\\/schema\\\/logo\\\/image\\\/\",\"url\":\"https:\\\/\\\/castor-pollux-bateau.com\\\/wp-content\\\/uploads\\\/2025\\\/03\\\/Logo-CastorPollux.png\",\"contentUrl\":\"https:\\\/\\\/castor-pollux-bateau.com\\\/wp-content\\\/uploads\\\/2025\\\/03\\\/Logo-CastorPollux.png\",\"width\":640,\"height\":425,\"caption\":\"Castor et Pollux\"},\"image\":{\"@id\":\"https:\\\/\\\/castor-pollux-bateau.com\\\/#\\\/schema\\\/logo\\\/image\\\/\"}}]}<\/script>\n<!-- \/ Yoast SEO plugin. -->","yoast_head_json":{"title":"Permis Bateau C\u00f4tier - Formule Express - Castor et Pollux","description":"Obtenez votre permis bateau c\u00f4tier sur le Bassin d'Arcachon en un temps record ! Formation intensive pour ma\u00eetriser la navigation et r\u00e9ussir l'examen rapidement. Embarquez sans attendre !","robots":{"index":"index","follow":"follow","max-snippet":"max-snippet:-1","max-image-preview":"max-image-preview:large","max-video-preview":"max-video-preview:-1"},"canonical":"https:\/\/castor-pollux-bateau.com\/index.php\/produit\/permis-bateau-cotier-formule-express\/","og_locale":"en_US","og_type":"article","og_title":"Permis Bateau C\u00f4tier - Formule Express - Castor et Pollux","og_description":"Obtenez votre permis bateau c\u00f4tier sur le Bassin d'Arcachon en un temps record ! Formation intensive pour ma\u00eetriser la navigation et r\u00e9ussir l'examen rapidement. Embarquez sans attendre !","og_url":"https:\/\/castor-pollux-bateau.com\/index.php\/produit\/permis-bateau-cotier-formule-express\/","og_site_name":"Castor et Pollux","article_modified_time":"2025-09-15T12:20:25+00:00","og_image":[{"width":850,"height":734,"url":"http:\/\/castor-pollux-bateau.com\/wp-content\/uploads\/2025\/03\/FLYER-3.webp","type":"image\/webp"}],"twitter_card":"summary_large_image","twitter_misc":{"Est. reading time":"1 minute"},"schema":{"@context":"https:\/\/schema.org","@graph":[{"@type":"WebPage","@id":"https:\/\/castor-pollux-bateau.com\/index.php\/produit\/permis-bateau-cotier-formule-express\/","url":"https:\/\/castor-pollux-bateau.com\/index.php\/produit\/permis-bateau-cotier-formule-express\/","name":"Permis Bateau C\u00f4tier - Formule Express - Castor et Pollux","isPartOf":{"@id":"https:\/\/castor-pollux-bateau.com\/#website"},"primaryImageOfPage":{"@id":"https:\/\/castor-pollux-bateau.com\/index.php\/produit\/permis-bateau-cotier-formule-express\/#primaryimage"},"image":{"@id":"https:\/\/castor-pollux-bateau.com\/index.php\/produit\/permis-bateau-cotier-formule-express\/#primaryimage"},"thumbnailUrl":"https:\/\/castor-pollux-bateau.com\/wp-content\/uploads\/2025\/03\/FLYER-3.webp","datePublished":"2025-03-28T13:10:51+00:00","dateModified":"2025-09-15T12:20:25+00:00","description":"Obtenez votre permis bateau c\u00f4tier sur le Bassin d'Arcachon en un temps record ! Formation intensive pour ma\u00eetriser la navigation et r\u00e9ussir l'examen rapidement. Embarquez sans attendre !","breadcrumb":{"@id":"https:\/\/castor-pollux-bateau.com\/index.php\/produit\/permis-bateau-cotier-formule-express\/#breadcrumb"},"inLanguage":"en-US","potentialAction":[{"@type":"ReadAction","target":["https:\/\/castor-pollux-bateau.com\/index.php\/produit\/permis-bateau-cotier-formule-express\/"]}]},{"@type":"ImageObject","inLanguage":"en-US","@id":"https:\/\/castor-pollux-bateau.com\/index.php\/produit\/permis-bateau-cotier-formule-express\/#primaryimage","url":"https:\/\/castor-pollux-bateau.com\/wp-content\/uploads\/2025\/03\/FLYER-3.webp","contentUrl":"https:\/\/castor-pollux-bateau.com\/wp-content\/uploads\/2025\/03\/FLYER-3.webp","width":850,"height":734},{"@type":"BreadcrumbList","@id":"https:\/\/castor-pollux-bateau.com\/index.php\/produit\/permis-bateau-cotier-formule-express\/#breadcrumb","itemListElement":[{"@type":"ListItem","position":1,"name":"Accueil","item":"https:\/\/castor-pollux-bateau.com\/"},{"@type":"ListItem","position":2,"name":"Boutique","item":"https:\/\/castor-pollux-bateau.com\/"},{"@type":"ListItem","position":3,"name":"Permis Bateau C\u00f4tier &#8211; Formule Express"}]},{"@type":"WebSite","@id":"https:\/\/castor-pollux-bateau.com\/#website","url":"https:\/\/castor-pollux-bateau.com\/","name":"Castor et Pollux","description":"","publisher":{"@id":"https:\/\/castor-pollux-bateau.com\/#organization"},"potentialAction":[{"@type":"SearchAction","target":{"@type":"EntryPoint","urlTemplate":"https:\/\/castor-pollux-bateau.com\/?s={search_term_string}"},"query-input":{"@type":"PropertyValueSpecification","valueRequired":true,"valueName":"search_term_string"}}],"inLanguage":"en-US"},{"@type":"Organization","@id":"https:\/\/castor-pollux-bateau.com\/#organization","name":"Castor et Pollux","url":"https:\/\/castor-pollux-bateau.com\/","logo":{"@type":"ImageObject","inLanguage":"en-US","@id":"https:\/\/castor-pollux-bateau.com\/#\/schema\/logo\/image\/","url":"https:\/\/castor-pollux-bateau.com\/wp-content\/uploads\/2025\/03\/Logo-CastorPollux.png","contentUrl":"https:\/\/castor-pollux-bateau.com\/wp-content\/uploads\/2025\/03\/Logo-CastorPollux.png","width":640,"height":425,"caption":"Castor et Pollux"},"image":{"@id":"https:\/\/castor-pollux-bateau.com\/#\/schema\/logo\/image\/"}}]}},"_links":{"self":[{"href":"https:\/\/castor-pollux-bateau.com\/index.php\/wp-json\/wp\/v2\/product\/180","targetHints":{"allow":["GET"]}}],"collection":[{"href":"https:\/\/castor-pollux-bateau.com\/index.php\/wp-json\/wp\/v2\/product"}],"about":[{"href":"https:\/\/castor-pollux-bateau.com\/index.php\/wp-json\/wp\/v2\/types\/product"}],"wp:featuredmedia":[{"embeddable":true,"href":"https:\/\/castor-pollux-bateau.com\/index.php\/wp-json\/wp\/v2\/media\/23"}],"wp:attachment":[{"href":"https:\/\/castor-pollux-bateau.com\/index.php\/wp-json\/wp\/v2\/media?parent=180"}],"wp:term":[{"taxonomy":"product_brand","embeddable":true,"href":"https:\/\/castor-pollux-bateau.com\/index.php\/wp-json\/wp\/v2\/product_brand?post=180"},{"taxonomy":"product_cat","embeddable":true,"href":"https:\/\/castor-pollux-bateau.com\/index.php\/wp-json\/wp\/v2\/product_cat?post=180"},{"taxonomy":"product_tag","embeddable":true,"href":"https:\/\/castor-pollux-bateau.com\/index.php\/wp-json\/wp\/v2\/product_tag?post=180"}],"curies":[{"name":"wp","href":"https:\/\/api.w.org\/{rel}","templated":true}]}}