{"id":181,"date":"2025-03-28T14:42:36","date_gmt":"2025-03-28T13:42:36","guid":{"rendered":"https:\/\/castor-pollux-bateau.com\/?post_type=product&#038;p=181"},"modified":"2025-04-03T12:26:33","modified_gmt":"2025-04-03T10:26:33","slug":"formation-navigation-de-nuit","status":"publish","type":"product","link":"https:\/\/castor-pollux-bateau.com\/index.php\/produit\/formation-navigation-de-nuit\/","title":{"rendered":"Formation navigation de nuit"},"content":{"rendered":"<p>D\u00e9couvrez les informations sur notre cours :\u00a0Pack navigation de nuit<\/p>\n<ul>\n<li dir=\"ltr\" role=\"presentation\">Vous\u00a0<strong>\u00eates \u00e0 la barre<\/strong><\/li>\n<li dir=\"ltr\" role=\"presentation\">Prise en charge \u00e0 l\u2019endroit qui vous convient selon nos possibilit\u00e9s<\/li>\n<li dir=\"ltr\" role=\"presentation\">pr\u00e9paration de la navigation (carte marine, m\u00e9t\u00e9o, s\u00e9curit\u00e9)<\/li>\n<li dir=\"ltr\" role=\"presentation\">d\u00e9part de jour pour se rendre sur le spot<\/li>\n<li dir=\"ltr\" role=\"presentation\"><strong>Diner \/ pique-nique \u00e0 bord<\/strong>\u00a0sans chichi avec des produits de qualit\u00e9s<\/li>\n<li dir=\"ltr\" role=\"presentation\">Retour de nuit<\/li>\n<li dir=\"ltr\" role=\"presentation\">Pr\u00e9voir au total de 6 \u00e0 7 heures<\/li>\n<li dir=\"ltr\" role=\"presentation\">7 personnes maximum<\/li>\n<\/ul>\n","protected":false},"excerpt":{"rendered":"<p>Castor &amp; Pollux, \u00e9tabli \u00e0 L\u00e8ge Cap Ferret, vous offre des formations et des cours de remise \u00e0 niveau et de perfectionnement sur la navigation, le pilotage, la lecture de carte, la connaissance m\u00e9t\u00e9o et mar\u00e9e et surtout du perfectionnement en\u00a0<strong>navigation de nuit<\/strong>.<\/p>\n","protected":false},"featured_media":229,"template":"","meta":[],"product_brand":[],"product_cat":[18,21],"product_tag":[],"class_list":{"0":"post-181","1":"product","2":"type-product","3":"status-publish","4":"has-post-thumbnail","6":"product_cat-extensions","7":"product_cat-perfectionnement","9":"first","10":"instock","11":"taxable","12":"shipping-taxable","13":"purchasable","14":"product-type-simple"},"yoast_head":"<!-- This site is optimized with the Yoast SEO plugin v27.4 - https:\/\/yoast.com\/product\/yoast-seo-wordpress\/ -->\n<title>Formation navigation de nuit - Castor et Pollux<\/title>\n<meta name=\"robots\" content=\"index, follow, max-snippet:-1, max-image-preview:large, max-video-preview:-1\" \/>\n<link rel=\"canonical\" href=\"https:\/\/castor-pollux-bateau.com\/index.php\/produit\/formation-navigation-de-nuit\/\" \/>\n<meta property=\"og:locale\" content=\"en_US\" \/>\n<meta property=\"og:type\" content=\"article\" \/>\n<meta property=\"og:title\" content=\"Formation navigation de nuit - Castor et Pollux\" \/>\n<meta property=\"og:description\" content=\"Castor &amp; Pollux, \u00e9tabli \u00e0 L\u00e8ge Cap Ferret, vous offre des formations et des cours de remise \u00e0 niveau et de perfectionnement sur la navigation, le pilotage, la lecture de carte, la connaissance m\u00e9t\u00e9o et mar\u00e9e et surtout du perfectionnement en\u00a0navigation de nuit.\" \/>\n<meta property=\"og:url\" content=\"https:\/\/castor-pollux-bateau.com\/index.php\/produit\/formation-navigation-de-nuit\/\" \/>\n<meta property=\"og:site_name\" content=\"Castor et Pollux\" \/>\n<meta property=\"article:modified_time\" content=\"2025-04-03T10:26:33+00:00\" \/>\n<meta property=\"og:image\" content=\"http:\/\/castor-pollux-bateau.com\/wp-content\/uploads\/2025\/03\/formation-navigation-bateau-nuit-bassin-arcachon.jpeg\" \/>\n\t<meta property=\"og:image:width\" content=\"800\" \/>\n\t<meta property=\"og:image:height\" content=\"532\" \/>\n\t<meta property=\"og:image:type\" content=\"image\/jpeg\" \/>\n<meta name=\"twitter:card\" content=\"summary_large_image\" \/>\n<meta name=\"twitter:label1\" content=\"Est. reading time\" \/>\n\t<meta name=\"twitter:data1\" content=\"1 minute\" \/>\n<script type=\"application\/ld+json\" class=\"yoast-schema-graph\">{\"@context\":\"https:\\\/\\\/schema.org\",\"@graph\":[{\"@type\":\"WebPage\",\"@id\":\"https:\\\/\\\/castor-pollux-bateau.com\\\/index.php\\\/produit\\\/formation-navigation-de-nuit\\\/\",\"url\":\"https:\\\/\\\/castor-pollux-bateau.com\\\/index.php\\\/produit\\\/formation-navigation-de-nuit\\\/\",\"name\":\"Formation navigation de nuit - Castor et Pollux\",\"isPartOf\":{\"@id\":\"https:\\\/\\\/castor-pollux-bateau.com\\\/#website\"},\"primaryImageOfPage\":{\"@id\":\"https:\\\/\\\/castor-pollux-bateau.com\\\/index.php\\\/produit\\\/formation-navigation-de-nuit\\\/#primaryimage\"},\"image\":{\"@id\":\"https:\\\/\\\/castor-pollux-bateau.com\\\/index.php\\\/produit\\\/formation-navigation-de-nuit\\\/#primaryimage\"},\"thumbnailUrl\":\"https:\\\/\\\/castor-pollux-bateau.com\\\/wp-content\\\/uploads\\\/2025\\\/03\\\/formation-navigation-bateau-nuit-bassin-arcachon.jpeg\",\"datePublished\":\"2025-03-28T13:42:36+00:00\",\"dateModified\":\"2025-04-03T10:26:33+00:00\",\"breadcrumb\":{\"@id\":\"https:\\\/\\\/castor-pollux-bateau.com\\\/index.php\\\/produit\\\/formation-navigation-de-nuit\\\/#breadcrumb\"},\"inLanguage\":\"en-US\",\"potentialAction\":[{\"@type\":\"ReadAction\",\"target\":[\"https:\\\/\\\/castor-pollux-bateau.com\\\/index.php\\\/produit\\\/formation-navigation-de-nuit\\\/\"]}]},{\"@type\":\"ImageObject\",\"inLanguage\":\"en-US\",\"@id\":\"https:\\\/\\\/castor-pollux-bateau.com\\\/index.php\\\/produit\\\/formation-navigation-de-nuit\\\/#primaryimage\",\"url\":\"https:\\\/\\\/castor-pollux-bateau.com\\\/wp-content\\\/uploads\\\/2025\\\/03\\\/formation-navigation-bateau-nuit-bassin-arcachon.jpeg\",\"contentUrl\":\"https:\\\/\\\/castor-pollux-bateau.com\\\/wp-content\\\/uploads\\\/2025\\\/03\\\/formation-navigation-bateau-nuit-bassin-arcachon.jpeg\",\"width\":800,\"height\":532},{\"@type\":\"BreadcrumbList\",\"@id\":\"https:\\\/\\\/castor-pollux-bateau.com\\\/index.php\\\/produit\\\/formation-navigation-de-nuit\\\/#breadcrumb\",\"itemListElement\":[{\"@type\":\"ListItem\",\"position\":1,\"name\":\"Accueil\",\"item\":\"https:\\\/\\\/castor-pollux-bateau.com\\\/\"},{\"@type\":\"ListItem\",\"position\":2,\"name\":\"Boutique\",\"item\":\"https:\\\/\\\/castor-pollux-bateau.com\\\/\"},{\"@type\":\"ListItem\",\"position\":3,\"name\":\"Formation navigation de nuit\"}]},{\"@type\":\"WebSite\",\"@id\":\"https:\\\/\\\/castor-pollux-bateau.com\\\/#website\",\"url\":\"https:\\\/\\\/castor-pollux-bateau.com\\\/\",\"name\":\"Castor et Pollux\",\"description\":\"\",\"publisher\":{\"@id\":\"https:\\\/\\\/castor-pollux-bateau.com\\\/#organization\"},\"potentialAction\":[{\"@type\":\"SearchAction\",\"target\":{\"@type\":\"EntryPoint\",\"urlTemplate\":\"https:\\\/\\\/castor-pollux-bateau.com\\\/?s={search_term_string}\"},\"query-input\":{\"@type\":\"PropertyValueSpecification\",\"valueRequired\":true,\"valueName\":\"search_term_string\"}}],\"inLanguage\":\"en-US\"},{\"@type\":\"Organization\",\"@id\":\"https:\\\/\\\/castor-pollux-bateau.com\\\/#organization\",\"name\":\"Castor et Pollux\",\"url\":\"https:\\\/\\\/castor-pollux-bateau.com\\\/\",\"logo\":{\"@type\":\"ImageObject\",\"inLanguage\":\"en-US\",\"@id\":\"https:\\\/\\\/castor-pollux-bateau.com\\\/#\\\/schema\\\/logo\\\/image\\\/\",\"url\":\"https:\\\/\\\/castor-pollux-bateau.com\\\/wp-content\\\/uploads\\\/2025\\\/03\\\/Logo-CastorPollux.png\",\"contentUrl\":\"https:\\\/\\\/castor-pollux-bateau.com\\\/wp-content\\\/uploads\\\/2025\\\/03\\\/Logo-CastorPollux.png\",\"width\":640,\"height\":425,\"caption\":\"Castor et Pollux\"},\"image\":{\"@id\":\"https:\\\/\\\/castor-pollux-bateau.com\\\/#\\\/schema\\\/logo\\\/image\\\/\"}}]}<\/script>\n<!-- \/ Yoast SEO plugin. -->","yoast_head_json":{"title":"Formation navigation de nuit - Castor et Pollux","robots":{"index":"index","follow":"follow","max-snippet":"max-snippet:-1","max-image-preview":"max-image-preview:large","max-video-preview":"max-video-preview:-1"},"canonical":"https:\/\/castor-pollux-bateau.com\/index.php\/produit\/formation-navigation-de-nuit\/","og_locale":"en_US","og_type":"article","og_title":"Formation navigation de nuit - Castor et Pollux","og_description":"Castor &amp; Pollux, \u00e9tabli \u00e0 L\u00e8ge Cap Ferret, vous offre des formations et des cours de remise \u00e0 niveau et de perfectionnement sur la navigation, le pilotage, la lecture de carte, la connaissance m\u00e9t\u00e9o et mar\u00e9e et surtout du perfectionnement en\u00a0navigation de nuit.","og_url":"https:\/\/castor-pollux-bateau.com\/index.php\/produit\/formation-navigation-de-nuit\/","og_site_name":"Castor et Pollux","article_modified_time":"2025-04-03T10:26:33+00:00","og_image":[{"width":800,"height":532,"url":"http:\/\/castor-pollux-bateau.com\/wp-content\/uploads\/2025\/03\/formation-navigation-bateau-nuit-bassin-arcachon.jpeg","type":"image\/jpeg"}],"twitter_card":"summary_large_image","twitter_misc":{"Est. reading time":"1 minute"},"schema":{"@context":"https:\/\/schema.org","@graph":[{"@type":"WebPage","@id":"https:\/\/castor-pollux-bateau.com\/index.php\/produit\/formation-navigation-de-nuit\/","url":"https:\/\/castor-pollux-bateau.com\/index.php\/produit\/formation-navigation-de-nuit\/","name":"Formation navigation de nuit - Castor et Pollux","isPartOf":{"@id":"https:\/\/castor-pollux-bateau.com\/#website"},"primaryImageOfPage":{"@id":"https:\/\/castor-pollux-bateau.com\/index.php\/produit\/formation-navigation-de-nuit\/#primaryimage"},"image":{"@id":"https:\/\/castor-pollux-bateau.com\/index.php\/produit\/formation-navigation-de-nuit\/#primaryimage"},"thumbnailUrl":"https:\/\/castor-pollux-bateau.com\/wp-content\/uploads\/2025\/03\/formation-navigation-bateau-nuit-bassin-arcachon.jpeg","datePublished":"2025-03-28T13:42:36+00:00","dateModified":"2025-04-03T10:26:33+00:00","breadcrumb":{"@id":"https:\/\/castor-pollux-bateau.com\/index.php\/produit\/formation-navigation-de-nuit\/#breadcrumb"},"inLanguage":"en-US","potentialAction":[{"@type":"ReadAction","target":["https:\/\/castor-pollux-bateau.com\/index.php\/produit\/formation-navigation-de-nuit\/"]}]},{"@type":"ImageObject","inLanguage":"en-US","@id":"https:\/\/castor-pollux-bateau.com\/index.php\/produit\/formation-navigation-de-nuit\/#primaryimage","url":"https:\/\/castor-pollux-bateau.com\/wp-content\/uploads\/2025\/03\/formation-navigation-bateau-nuit-bassin-arcachon.jpeg","contentUrl":"https:\/\/castor-pollux-bateau.com\/wp-content\/uploads\/2025\/03\/formation-navigation-bateau-nuit-bassin-arcachon.jpeg","width":800,"height":532},{"@type":"BreadcrumbList","@id":"https:\/\/castor-pollux-bateau.com\/index.php\/produit\/formation-navigation-de-nuit\/#breadcrumb","itemListElement":[{"@type":"ListItem","position":1,"name":"Accueil","item":"https:\/\/castor-pollux-bateau.com\/"},{"@type":"ListItem","position":2,"name":"Boutique","item":"https:\/\/castor-pollux-bateau.com\/"},{"@type":"ListItem","position":3,"name":"Formation navigation de nuit"}]},{"@type":"WebSite","@id":"https:\/\/castor-pollux-bateau.com\/#website","url":"https:\/\/castor-pollux-bateau.com\/","name":"Castor et Pollux","description":"","publisher":{"@id":"https:\/\/castor-pollux-bateau.com\/#organization"},"potentialAction":[{"@type":"SearchAction","target":{"@type":"EntryPoint","urlTemplate":"https:\/\/castor-pollux-bateau.com\/?s={search_term_string}"},"query-input":{"@type":"PropertyValueSpecification","valueRequired":true,"valueName":"search_term_string"}}],"inLanguage":"en-US"},{"@type":"Organization","@id":"https:\/\/castor-pollux-bateau.com\/#organization","name":"Castor et Pollux","url":"https:\/\/castor-pollux-bateau.com\/","logo":{"@type":"ImageObject","inLanguage":"en-US","@id":"https:\/\/castor-pollux-bateau.com\/#\/schema\/logo\/image\/","url":"https:\/\/castor-pollux-bateau.com\/wp-content\/uploads\/2025\/03\/Logo-CastorPollux.png","contentUrl":"https:\/\/castor-pollux-bateau.com\/wp-content\/uploads\/2025\/03\/Logo-CastorPollux.png","width":640,"height":425,"caption":"Castor et Pollux"},"image":{"@id":"https:\/\/castor-pollux-bateau.com\/#\/schema\/logo\/image\/"}}]}},"_links":{"self":[{"href":"https:\/\/castor-pollux-bateau.com\/index.php\/wp-json\/wp\/v2\/product\/181","targetHints":{"allow":["GET"]}}],"collection":[{"href":"https:\/\/castor-pollux-bateau.com\/index.php\/wp-json\/wp\/v2\/product"}],"about":[{"href":"https:\/\/castor-pollux-bateau.com\/index.php\/wp-json\/wp\/v2\/types\/product"}],"wp:featuredmedia":[{"embeddable":true,"href":"https:\/\/castor-pollux-bateau.com\/index.php\/wp-json\/wp\/v2\/media\/229"}],"wp:attachment":[{"href":"https:\/\/castor-pollux-bateau.com\/index.php\/wp-json\/wp\/v2\/media?parent=181"}],"wp:term":[{"taxonomy":"product_brand","embeddable":true,"href":"https:\/\/castor-pollux-bateau.com\/index.php\/wp-json\/wp\/v2\/product_brand?post=181"},{"taxonomy":"product_cat","embeddable":true,"href":"https:\/\/castor-pollux-bateau.com\/index.php\/wp-json\/wp\/v2\/product_cat?post=181"},{"taxonomy":"product_tag","embeddable":true,"href":"https:\/\/castor-pollux-bateau.com\/index.php\/wp-json\/wp\/v2\/product_tag?post=181"}],"curies":[{"name":"wp","href":"https:\/\/api.w.org\/{rel}","templated":true}]}}