{"id":273,"date":"2025-04-21T09:56:34","date_gmt":"2025-04-21T07:56:34","guid":{"rendered":"https:\/\/castor-pollux-bateau.com\/?post_type=product&#038;p=273"},"modified":"2025-06-13T09:12:05","modified_gmt":"2025-06-13T07:12:05","slug":"offre-permis-cotier-fluvial","status":"publish","type":"product","link":"https:\/\/castor-pollux-bateau.com\/index.php\/produit\/offre-permis-cotier-fluvial\/","title":{"rendered":"OFFRE &#8211; Permis c\u00f4tier + fluvial"},"content":{"rendered":"<p><strong>Compris :<\/strong><\/p>\n<ul>\n<li>Cours th\u00e9orique 6h30 soirs ou week-end au choix<\/li>\n<li>Formation pratique 4h de navigation sur le bateau au Cap-ferret<\/li>\n<li>Gestion administrative jusqu&#8217;\u00e0 obtention du permis bateau<\/li>\n<li><strong>OFFERT : <\/strong>Acc\u00e8s imm\u00e9diat \u00e0 votre formation en 100% illimit\u00e9 en ligne &#8211; (valeur 20\u20ac)<\/li>\n<li><strong>OFFERT : <\/strong>Coffret p\u00e9dagogique avec livre de code, livret du candidat, bloc note, stylo &#8211; (valeur 20\u20ac)<\/li>\n<li><strong>50\u20ac de remise<\/strong> pour la location sur 1 journ\u00e9e de nos bateaux<\/li>\n<\/ul>\n<p><span style=\"font-weight: 400;\"><strong>Compris<\/strong> dans l\u2019option Eaux int\u00e9rieures :<\/span><\/p>\n<ul>\n<li style=\"font-weight: 400;\" aria-level=\"1\"><span style=\"font-weight: 400;\">Acc\u00e8s illimit\u00e9 aux cours en ligne\u00a0<\/span><\/li>\n<li style=\"font-weight: 400;\" aria-level=\"1\"><span style=\"font-weight: 400;\">Acc\u00e8s illimit\u00e9 aux tests en ligne<\/span><\/li>\n<li aria-level=\"1\">Livre de code (\u00e0 r\u00e9cup\u00e9rer en agence)<\/li>\n<li style=\"font-weight: 400;\" aria-level=\"1\"><span style=\"font-weight: 400;\">Frais de gestion de dossier<\/span><\/li>\n<\/ul>\n","protected":false},"excerpt":{"rendered":"<p><strong>Offre promo 349\u20ac (hors timbre fiscal)<\/strong><\/p>\n","protected":false},"featured_media":277,"template":"","meta":[],"product_brand":[],"product_cat":[15],"product_tag":[],"class_list":{"0":"post-273","1":"product","2":"type-product","3":"status-publish","4":"has-post-thumbnail","6":"product_cat-non-classe","8":"first","9":"instock","10":"taxable","11":"shipping-taxable","12":"purchasable","13":"product-type-simple"},"yoast_head":"<!-- This site is optimized with the Yoast SEO plugin v27.3 - https:\/\/yoast.com\/product\/yoast-seo-wordpress\/ -->\n<title>O - Castor et Pollux O<\/title>\n<meta name=\"robots\" content=\"index, follow, max-snippet:-1, max-image-preview:large, max-video-preview:-1\" \/>\n<link rel=\"canonical\" href=\"https:\/\/castor-pollux-bateau.com\/index.php\/produit\/offre-permis-cotier-fluvial\/\" \/>\n<meta property=\"og:locale\" content=\"en_US\" \/>\n<meta property=\"og:type\" content=\"article\" \/>\n<meta property=\"og:title\" content=\"O - Castor et Pollux O\" \/>\n<meta property=\"og:description\" content=\"Offre promo 349\u20ac (hors timbre fiscal)\" \/>\n<meta property=\"og:url\" content=\"https:\/\/castor-pollux-bateau.com\/index.php\/produit\/offre-permis-cotier-fluvial\/\" \/>\n<meta property=\"og:site_name\" content=\"Castor et Pollux\" \/>\n<meta property=\"article:modified_time\" content=\"2025-06-13T07:12:05+00:00\" \/>\n<meta property=\"og:image\" content=\"http:\/\/castor-pollux-bateau.com\/wp-content\/uploads\/2025\/04\/OFFRE-PROMO-1024x1024.png\" \/>\n\t<meta property=\"og:image:width\" content=\"1024\" \/>\n\t<meta property=\"og:image:height\" content=\"1024\" \/>\n\t<meta property=\"og:image:type\" content=\"image\/png\" \/>\n<meta name=\"twitter:card\" content=\"summary_large_image\" \/>\n<meta name=\"twitter:label1\" content=\"Est. reading time\" \/>\n\t<meta name=\"twitter:data1\" content=\"1 minute\" \/>\n<script type=\"application\/ld+json\" class=\"yoast-schema-graph\">{\"@context\":\"https:\\\/\\\/schema.org\",\"@graph\":[{\"@type\":\"WebPage\",\"@id\":\"https:\\\/\\\/castor-pollux-bateau.com\\\/index.php\\\/produit\\\/offre-permis-cotier-fluvial\\\/\",\"url\":\"https:\\\/\\\/castor-pollux-bateau.com\\\/index.php\\\/produit\\\/offre-permis-cotier-fluvial\\\/\",\"name\":\"O - Castor et Pollux O\",\"isPartOf\":{\"@id\":\"https:\\\/\\\/castor-pollux-bateau.com\\\/#website\"},\"primaryImageOfPage\":{\"@id\":\"https:\\\/\\\/castor-pollux-bateau.com\\\/index.php\\\/produit\\\/offre-permis-cotier-fluvial\\\/#primaryimage\"},\"image\":{\"@id\":\"https:\\\/\\\/castor-pollux-bateau.com\\\/index.php\\\/produit\\\/offre-permis-cotier-fluvial\\\/#primaryimage\"},\"thumbnailUrl\":\"https:\\\/\\\/castor-pollux-bateau.com\\\/wp-content\\\/uploads\\\/2025\\\/04\\\/OFFRE-PROMO.png\",\"datePublished\":\"2025-04-21T07:56:34+00:00\",\"dateModified\":\"2025-06-13T07:12:05+00:00\",\"breadcrumb\":{\"@id\":\"https:\\\/\\\/castor-pollux-bateau.com\\\/index.php\\\/produit\\\/offre-permis-cotier-fluvial\\\/#breadcrumb\"},\"inLanguage\":\"en-US\",\"potentialAction\":[{\"@type\":\"ReadAction\",\"target\":[\"https:\\\/\\\/castor-pollux-bateau.com\\\/index.php\\\/produit\\\/offre-permis-cotier-fluvial\\\/\"]}]},{\"@type\":\"ImageObject\",\"inLanguage\":\"en-US\",\"@id\":\"https:\\\/\\\/castor-pollux-bateau.com\\\/index.php\\\/produit\\\/offre-permis-cotier-fluvial\\\/#primaryimage\",\"url\":\"https:\\\/\\\/castor-pollux-bateau.com\\\/wp-content\\\/uploads\\\/2025\\\/04\\\/OFFRE-PROMO.png\",\"contentUrl\":\"https:\\\/\\\/castor-pollux-bateau.com\\\/wp-content\\\/uploads\\\/2025\\\/04\\\/OFFRE-PROMO.png\",\"width\":1654,\"height\":1654},{\"@type\":\"BreadcrumbList\",\"@id\":\"https:\\\/\\\/castor-pollux-bateau.com\\\/index.php\\\/produit\\\/offre-permis-cotier-fluvial\\\/#breadcrumb\",\"itemListElement\":[{\"@type\":\"ListItem\",\"position\":1,\"name\":\"Accueil\",\"item\":\"https:\\\/\\\/castor-pollux-bateau.com\\\/\"},{\"@type\":\"ListItem\",\"position\":2,\"name\":\"Boutique\",\"item\":\"https:\\\/\\\/castor-pollux-bateau.com\\\/\"},{\"@type\":\"ListItem\",\"position\":3,\"name\":\"OFFRE &#8211; Permis c\u00f4tier + fluvial\"}]},{\"@type\":\"WebSite\",\"@id\":\"https:\\\/\\\/castor-pollux-bateau.com\\\/#website\",\"url\":\"https:\\\/\\\/castor-pollux-bateau.com\\\/\",\"name\":\"Castor et Pollux\",\"description\":\"\",\"publisher\":{\"@id\":\"https:\\\/\\\/castor-pollux-bateau.com\\\/#organization\"},\"potentialAction\":[{\"@type\":\"SearchAction\",\"target\":{\"@type\":\"EntryPoint\",\"urlTemplate\":\"https:\\\/\\\/castor-pollux-bateau.com\\\/?s={search_term_string}\"},\"query-input\":{\"@type\":\"PropertyValueSpecification\",\"valueRequired\":true,\"valueName\":\"search_term_string\"}}],\"inLanguage\":\"en-US\"},{\"@type\":\"Organization\",\"@id\":\"https:\\\/\\\/castor-pollux-bateau.com\\\/#organization\",\"name\":\"Castor et Pollux\",\"url\":\"https:\\\/\\\/castor-pollux-bateau.com\\\/\",\"logo\":{\"@type\":\"ImageObject\",\"inLanguage\":\"en-US\",\"@id\":\"https:\\\/\\\/castor-pollux-bateau.com\\\/#\\\/schema\\\/logo\\\/image\\\/\",\"url\":\"https:\\\/\\\/castor-pollux-bateau.com\\\/wp-content\\\/uploads\\\/2025\\\/03\\\/Logo-CastorPollux.png\",\"contentUrl\":\"https:\\\/\\\/castor-pollux-bateau.com\\\/wp-content\\\/uploads\\\/2025\\\/03\\\/Logo-CastorPollux.png\",\"width\":640,\"height\":425,\"caption\":\"Castor et Pollux\"},\"image\":{\"@id\":\"https:\\\/\\\/castor-pollux-bateau.com\\\/#\\\/schema\\\/logo\\\/image\\\/\"}}]}<\/script>\n<!-- \/ Yoast SEO plugin. -->","yoast_head_json":{"title":"O - Castor et Pollux O","robots":{"index":"index","follow":"follow","max-snippet":"max-snippet:-1","max-image-preview":"max-image-preview:large","max-video-preview":"max-video-preview:-1"},"canonical":"https:\/\/castor-pollux-bateau.com\/index.php\/produit\/offre-permis-cotier-fluvial\/","og_locale":"en_US","og_type":"article","og_title":"O - Castor et Pollux O","og_description":"Offre promo 349\u20ac (hors timbre fiscal)","og_url":"https:\/\/castor-pollux-bateau.com\/index.php\/produit\/offre-permis-cotier-fluvial\/","og_site_name":"Castor et Pollux","article_modified_time":"2025-06-13T07:12:05+00:00","og_image":[{"width":1024,"height":1024,"url":"http:\/\/castor-pollux-bateau.com\/wp-content\/uploads\/2025\/04\/OFFRE-PROMO-1024x1024.png","type":"image\/png"}],"twitter_card":"summary_large_image","twitter_misc":{"Est. reading time":"1 minute"},"schema":{"@context":"https:\/\/schema.org","@graph":[{"@type":"WebPage","@id":"https:\/\/castor-pollux-bateau.com\/index.php\/produit\/offre-permis-cotier-fluvial\/","url":"https:\/\/castor-pollux-bateau.com\/index.php\/produit\/offre-permis-cotier-fluvial\/","name":"O - Castor et Pollux O","isPartOf":{"@id":"https:\/\/castor-pollux-bateau.com\/#website"},"primaryImageOfPage":{"@id":"https:\/\/castor-pollux-bateau.com\/index.php\/produit\/offre-permis-cotier-fluvial\/#primaryimage"},"image":{"@id":"https:\/\/castor-pollux-bateau.com\/index.php\/produit\/offre-permis-cotier-fluvial\/#primaryimage"},"thumbnailUrl":"https:\/\/castor-pollux-bateau.com\/wp-content\/uploads\/2025\/04\/OFFRE-PROMO.png","datePublished":"2025-04-21T07:56:34+00:00","dateModified":"2025-06-13T07:12:05+00:00","breadcrumb":{"@id":"https:\/\/castor-pollux-bateau.com\/index.php\/produit\/offre-permis-cotier-fluvial\/#breadcrumb"},"inLanguage":"en-US","potentialAction":[{"@type":"ReadAction","target":["https:\/\/castor-pollux-bateau.com\/index.php\/produit\/offre-permis-cotier-fluvial\/"]}]},{"@type":"ImageObject","inLanguage":"en-US","@id":"https:\/\/castor-pollux-bateau.com\/index.php\/produit\/offre-permis-cotier-fluvial\/#primaryimage","url":"https:\/\/castor-pollux-bateau.com\/wp-content\/uploads\/2025\/04\/OFFRE-PROMO.png","contentUrl":"https:\/\/castor-pollux-bateau.com\/wp-content\/uploads\/2025\/04\/OFFRE-PROMO.png","width":1654,"height":1654},{"@type":"BreadcrumbList","@id":"https:\/\/castor-pollux-bateau.com\/index.php\/produit\/offre-permis-cotier-fluvial\/#breadcrumb","itemListElement":[{"@type":"ListItem","position":1,"name":"Accueil","item":"https:\/\/castor-pollux-bateau.com\/"},{"@type":"ListItem","position":2,"name":"Boutique","item":"https:\/\/castor-pollux-bateau.com\/"},{"@type":"ListItem","position":3,"name":"OFFRE &#8211; Permis c\u00f4tier + fluvial"}]},{"@type":"WebSite","@id":"https:\/\/castor-pollux-bateau.com\/#website","url":"https:\/\/castor-pollux-bateau.com\/","name":"Castor et Pollux","description":"","publisher":{"@id":"https:\/\/castor-pollux-bateau.com\/#organization"},"potentialAction":[{"@type":"SearchAction","target":{"@type":"EntryPoint","urlTemplate":"https:\/\/castor-pollux-bateau.com\/?s={search_term_string}"},"query-input":{"@type":"PropertyValueSpecification","valueRequired":true,"valueName":"search_term_string"}}],"inLanguage":"en-US"},{"@type":"Organization","@id":"https:\/\/castor-pollux-bateau.com\/#organization","name":"Castor et Pollux","url":"https:\/\/castor-pollux-bateau.com\/","logo":{"@type":"ImageObject","inLanguage":"en-US","@id":"https:\/\/castor-pollux-bateau.com\/#\/schema\/logo\/image\/","url":"https:\/\/castor-pollux-bateau.com\/wp-content\/uploads\/2025\/03\/Logo-CastorPollux.png","contentUrl":"https:\/\/castor-pollux-bateau.com\/wp-content\/uploads\/2025\/03\/Logo-CastorPollux.png","width":640,"height":425,"caption":"Castor et Pollux"},"image":{"@id":"https:\/\/castor-pollux-bateau.com\/#\/schema\/logo\/image\/"}}]}},"_links":{"self":[{"href":"https:\/\/castor-pollux-bateau.com\/index.php\/wp-json\/wp\/v2\/product\/273","targetHints":{"allow":["GET"]}}],"collection":[{"href":"https:\/\/castor-pollux-bateau.com\/index.php\/wp-json\/wp\/v2\/product"}],"about":[{"href":"https:\/\/castor-pollux-bateau.com\/index.php\/wp-json\/wp\/v2\/types\/product"}],"wp:featuredmedia":[{"embeddable":true,"href":"https:\/\/castor-pollux-bateau.com\/index.php\/wp-json\/wp\/v2\/media\/277"}],"wp:attachment":[{"href":"https:\/\/castor-pollux-bateau.com\/index.php\/wp-json\/wp\/v2\/media?parent=273"}],"wp:term":[{"taxonomy":"product_brand","embeddable":true,"href":"https:\/\/castor-pollux-bateau.com\/index.php\/wp-json\/wp\/v2\/product_brand?post=273"},{"taxonomy":"product_cat","embeddable":true,"href":"https:\/\/castor-pollux-bateau.com\/index.php\/wp-json\/wp\/v2\/product_cat?post=273"},{"taxonomy":"product_tag","embeddable":true,"href":"https:\/\/castor-pollux-bateau.com\/index.php\/wp-json\/wp\/v2\/product_tag?post=273"}],"curies":[{"name":"wp","href":"https:\/\/api.w.org\/{rel}","templated":true}]}}