{"id":469,"date":"2025-11-04T16:41:03","date_gmt":"2025-11-04T15:41:03","guid":{"rendered":"https:\/\/castor-pollux-bateau.com\/?post_type=product&#038;p=469"},"modified":"2026-01-05T08:48:28","modified_gmt":"2026-01-05T07:48:28","slug":"coffret-cadeau-extension-hauturiere-en-presentiel","status":"publish","type":"product","link":"https:\/\/castor-pollux-bateau.com\/index.php\/produit\/coffret-cadeau-extension-hauturiere-en-presentiel\/","title":{"rendered":"Coffret cadeau Extension hauturi\u00e8re en pr\u00e9sentiel"},"content":{"rendered":"<p><span style=\"font-weight: 400;\">Compris dans votre coffret-cadeau stage hauturier :<\/span><\/p>\n<ul>\n<li style=\"font-weight: 400;\" aria-level=\"1\"><span style=\"font-weight: 400;\">Stage intensif week-end, 18 heures de formations (vendredi soir 3h, samedi 8h, dimanche 7h).<\/span><\/li>\n<li style=\"font-weight: 400;\" aria-level=\"1\"><span style=\"font-weight: 400;\">Frais de gestion de dossier aux affaires maritimes<\/span><\/li>\n<li style=\"font-weight: 400;\" aria-level=\"1\"><span style=\"font-weight: 400;\">Petit d\u00e9jeuner et caf\u00e9<\/span><\/li>\n<\/ul>\n<p>&nbsp;<\/p>\n<p><span style=\"font-weight: 400;\">Non compris dans votre stage hauturier :\u00a0<\/span><\/p>\n<ul>\n<li style=\"font-weight: 400;\" aria-level=\"1\"><span style=\"font-weight: 400;\">Timbre fiscal de 38\u20ac<\/span><\/li>\n<li style=\"font-weight: 400;\" aria-level=\"1\"><span style=\"font-weight: 400;\">Mat\u00e9riel hauturier 90\u20ac (r\u00e8gle, carte SHOM 9999, compas, livres d\u2019examens blanc<\/span><\/li>\n<\/ul>\n","protected":false},"excerpt":{"rendered":"<p><span style=\"font-weight: 400;\">\u201c<\/span><span style=\"font-weight: 400;\">Le permis bateau extension hauturi\u00e8re permet de d\u00e9passer la limite des 6 milles nautiques d\u2019un abri. Participez \u00e0 notre stage intensif week-end hauturier, anim\u00e9 par notre moniteur de voile<\/span><span style=\"font-weight: 400;\">\u201d <\/span><\/p>\n","protected":false},"featured_media":28,"template":"","meta":[],"product_brand":[],"product_cat":[16],"product_tag":[],"class_list":{"0":"post-469","1":"product","2":"type-product","3":"status-publish","4":"has-post-thumbnail","6":"product_cat-coffret-cadeau","8":"first","9":"instock","10":"downloadable","11":"taxable","12":"shipping-taxable","13":"purchasable","14":"product-type-simple"},"yoast_head":"<!-- This site is optimized with the Yoast SEO plugin v27.4 - https:\/\/yoast.com\/product\/yoast-seo-wordpress\/ -->\n<title>Coffret cadeau Extension hauturi\u00e8re en pr\u00e9sentiel - Castor et Pollux<\/title>\n<meta name=\"description\" content=\"Passez votre extension hauturi\u00e8re sur le Bassin d\u2019Arcachon et naviguez sans limites ! Formation compl\u00e8te pour apprendre la navigation en haute mer, le calcul de route et l\u2019utilisation des cartes marines.\" \/>\n<meta name=\"robots\" content=\"index, follow, max-snippet:-1, max-image-preview:large, max-video-preview:-1\" \/>\n<link rel=\"canonical\" href=\"https:\/\/castor-pollux-bateau.com\/index.php\/produit\/coffret-cadeau-extension-hauturiere-en-presentiel\/\" \/>\n<meta property=\"og:locale\" content=\"en_US\" \/>\n<meta property=\"og:type\" content=\"article\" \/>\n<meta property=\"og:title\" content=\"Coffret cadeau Extension hauturi\u00e8re en pr\u00e9sentiel - Castor et Pollux\" \/>\n<meta property=\"og:description\" content=\"Passez votre extension hauturi\u00e8re sur le Bassin d\u2019Arcachon et naviguez sans limites ! Formation compl\u00e8te pour apprendre la navigation en haute mer, le calcul de route et l\u2019utilisation des cartes marines.\" \/>\n<meta property=\"og:url\" content=\"https:\/\/castor-pollux-bateau.com\/index.php\/produit\/coffret-cadeau-extension-hauturiere-en-presentiel\/\" \/>\n<meta property=\"og:site_name\" content=\"Castor et Pollux\" \/>\n<meta property=\"article:modified_time\" content=\"2026-01-05T07:48:28+00:00\" \/>\n<meta property=\"og:image\" content=\"http:\/\/castor-pollux-bateau.com\/wp-content\/uploads\/2025\/03\/flyer-7-sundeck-pilotage.webp\" \/>\n\t<meta property=\"og:image:width\" content=\"1440\" \/>\n\t<meta property=\"og:image:height\" content=\"786\" \/>\n\t<meta property=\"og:image:type\" content=\"image\/webp\" \/>\n<meta name=\"twitter:card\" content=\"summary_large_image\" \/>\n<meta name=\"twitter:label1\" content=\"Est. reading time\" \/>\n\t<meta name=\"twitter:data1\" content=\"1 minute\" \/>\n<script type=\"application\/ld+json\" class=\"yoast-schema-graph\">{\"@context\":\"https:\\\/\\\/schema.org\",\"@graph\":[{\"@type\":\"WebPage\",\"@id\":\"https:\\\/\\\/castor-pollux-bateau.com\\\/index.php\\\/produit\\\/coffret-cadeau-extension-hauturiere-en-presentiel\\\/\",\"url\":\"https:\\\/\\\/castor-pollux-bateau.com\\\/index.php\\\/produit\\\/coffret-cadeau-extension-hauturiere-en-presentiel\\\/\",\"name\":\"Coffret cadeau Extension hauturi\u00e8re en pr\u00e9sentiel - Castor et Pollux\",\"isPartOf\":{\"@id\":\"https:\\\/\\\/castor-pollux-bateau.com\\\/#website\"},\"primaryImageOfPage\":{\"@id\":\"https:\\\/\\\/castor-pollux-bateau.com\\\/index.php\\\/produit\\\/coffret-cadeau-extension-hauturiere-en-presentiel\\\/#primaryimage\"},\"image\":{\"@id\":\"https:\\\/\\\/castor-pollux-bateau.com\\\/index.php\\\/produit\\\/coffret-cadeau-extension-hauturiere-en-presentiel\\\/#primaryimage\"},\"thumbnailUrl\":\"https:\\\/\\\/castor-pollux-bateau.com\\\/wp-content\\\/uploads\\\/2025\\\/03\\\/flyer-7-sundeck-pilotage.webp\",\"datePublished\":\"2025-11-04T15:41:03+00:00\",\"dateModified\":\"2026-01-05T07:48:28+00:00\",\"description\":\"Passez votre extension hauturi\u00e8re sur le Bassin d\u2019Arcachon et naviguez sans limites ! Formation compl\u00e8te pour apprendre la navigation en haute mer, le calcul de route et l\u2019utilisation des cartes marines.\",\"breadcrumb\":{\"@id\":\"https:\\\/\\\/castor-pollux-bateau.com\\\/index.php\\\/produit\\\/coffret-cadeau-extension-hauturiere-en-presentiel\\\/#breadcrumb\"},\"inLanguage\":\"en-US\",\"potentialAction\":[{\"@type\":\"ReadAction\",\"target\":[\"https:\\\/\\\/castor-pollux-bateau.com\\\/index.php\\\/produit\\\/coffret-cadeau-extension-hauturiere-en-presentiel\\\/\"]}]},{\"@type\":\"ImageObject\",\"inLanguage\":\"en-US\",\"@id\":\"https:\\\/\\\/castor-pollux-bateau.com\\\/index.php\\\/produit\\\/coffret-cadeau-extension-hauturiere-en-presentiel\\\/#primaryimage\",\"url\":\"https:\\\/\\\/castor-pollux-bateau.com\\\/wp-content\\\/uploads\\\/2025\\\/03\\\/flyer-7-sundeck-pilotage.webp\",\"contentUrl\":\"https:\\\/\\\/castor-pollux-bateau.com\\\/wp-content\\\/uploads\\\/2025\\\/03\\\/flyer-7-sundeck-pilotage.webp\",\"width\":1440,\"height\":786},{\"@type\":\"BreadcrumbList\",\"@id\":\"https:\\\/\\\/castor-pollux-bateau.com\\\/index.php\\\/produit\\\/coffret-cadeau-extension-hauturiere-en-presentiel\\\/#breadcrumb\",\"itemListElement\":[{\"@type\":\"ListItem\",\"position\":1,\"name\":\"Accueil\",\"item\":\"https:\\\/\\\/castor-pollux-bateau.com\\\/\"},{\"@type\":\"ListItem\",\"position\":2,\"name\":\"Boutique\",\"item\":\"https:\\\/\\\/castor-pollux-bateau.com\\\/\"},{\"@type\":\"ListItem\",\"position\":3,\"name\":\"Coffret cadeau Extension hauturi\u00e8re en pr\u00e9sentiel\"}]},{\"@type\":\"WebSite\",\"@id\":\"https:\\\/\\\/castor-pollux-bateau.com\\\/#website\",\"url\":\"https:\\\/\\\/castor-pollux-bateau.com\\\/\",\"name\":\"Castor et Pollux\",\"description\":\"\",\"publisher\":{\"@id\":\"https:\\\/\\\/castor-pollux-bateau.com\\\/#organization\"},\"potentialAction\":[{\"@type\":\"SearchAction\",\"target\":{\"@type\":\"EntryPoint\",\"urlTemplate\":\"https:\\\/\\\/castor-pollux-bateau.com\\\/?s={search_term_string}\"},\"query-input\":{\"@type\":\"PropertyValueSpecification\",\"valueRequired\":true,\"valueName\":\"search_term_string\"}}],\"inLanguage\":\"en-US\"},{\"@type\":\"Organization\",\"@id\":\"https:\\\/\\\/castor-pollux-bateau.com\\\/#organization\",\"name\":\"Castor et Pollux\",\"url\":\"https:\\\/\\\/castor-pollux-bateau.com\\\/\",\"logo\":{\"@type\":\"ImageObject\",\"inLanguage\":\"en-US\",\"@id\":\"https:\\\/\\\/castor-pollux-bateau.com\\\/#\\\/schema\\\/logo\\\/image\\\/\",\"url\":\"https:\\\/\\\/castor-pollux-bateau.com\\\/wp-content\\\/uploads\\\/2025\\\/03\\\/Logo-CastorPollux.png\",\"contentUrl\":\"https:\\\/\\\/castor-pollux-bateau.com\\\/wp-content\\\/uploads\\\/2025\\\/03\\\/Logo-CastorPollux.png\",\"width\":640,\"height\":425,\"caption\":\"Castor et Pollux\"},\"image\":{\"@id\":\"https:\\\/\\\/castor-pollux-bateau.com\\\/#\\\/schema\\\/logo\\\/image\\\/\"}}]}<\/script>\n<!-- \/ Yoast SEO plugin. -->","yoast_head_json":{"title":"Coffret cadeau Extension hauturi\u00e8re en pr\u00e9sentiel - Castor et Pollux","description":"Passez votre extension hauturi\u00e8re sur le Bassin d\u2019Arcachon et naviguez sans limites ! Formation compl\u00e8te pour apprendre la navigation en haute mer, le calcul de route et l\u2019utilisation des cartes marines.","robots":{"index":"index","follow":"follow","max-snippet":"max-snippet:-1","max-image-preview":"max-image-preview:large","max-video-preview":"max-video-preview:-1"},"canonical":"https:\/\/castor-pollux-bateau.com\/index.php\/produit\/coffret-cadeau-extension-hauturiere-en-presentiel\/","og_locale":"en_US","og_type":"article","og_title":"Coffret cadeau Extension hauturi\u00e8re en pr\u00e9sentiel - Castor et Pollux","og_description":"Passez votre extension hauturi\u00e8re sur le Bassin d\u2019Arcachon et naviguez sans limites ! Formation compl\u00e8te pour apprendre la navigation en haute mer, le calcul de route et l\u2019utilisation des cartes marines.","og_url":"https:\/\/castor-pollux-bateau.com\/index.php\/produit\/coffret-cadeau-extension-hauturiere-en-presentiel\/","og_site_name":"Castor et Pollux","article_modified_time":"2026-01-05T07:48:28+00:00","og_image":[{"width":1440,"height":786,"url":"http:\/\/castor-pollux-bateau.com\/wp-content\/uploads\/2025\/03\/flyer-7-sundeck-pilotage.webp","type":"image\/webp"}],"twitter_card":"summary_large_image","twitter_misc":{"Est. reading time":"1 minute"},"schema":{"@context":"https:\/\/schema.org","@graph":[{"@type":"WebPage","@id":"https:\/\/castor-pollux-bateau.com\/index.php\/produit\/coffret-cadeau-extension-hauturiere-en-presentiel\/","url":"https:\/\/castor-pollux-bateau.com\/index.php\/produit\/coffret-cadeau-extension-hauturiere-en-presentiel\/","name":"Coffret cadeau Extension hauturi\u00e8re en pr\u00e9sentiel - Castor et Pollux","isPartOf":{"@id":"https:\/\/castor-pollux-bateau.com\/#website"},"primaryImageOfPage":{"@id":"https:\/\/castor-pollux-bateau.com\/index.php\/produit\/coffret-cadeau-extension-hauturiere-en-presentiel\/#primaryimage"},"image":{"@id":"https:\/\/castor-pollux-bateau.com\/index.php\/produit\/coffret-cadeau-extension-hauturiere-en-presentiel\/#primaryimage"},"thumbnailUrl":"https:\/\/castor-pollux-bateau.com\/wp-content\/uploads\/2025\/03\/flyer-7-sundeck-pilotage.webp","datePublished":"2025-11-04T15:41:03+00:00","dateModified":"2026-01-05T07:48:28+00:00","description":"Passez votre extension hauturi\u00e8re sur le Bassin d\u2019Arcachon et naviguez sans limites ! Formation compl\u00e8te pour apprendre la navigation en haute mer, le calcul de route et l\u2019utilisation des cartes marines.","breadcrumb":{"@id":"https:\/\/castor-pollux-bateau.com\/index.php\/produit\/coffret-cadeau-extension-hauturiere-en-presentiel\/#breadcrumb"},"inLanguage":"en-US","potentialAction":[{"@type":"ReadAction","target":["https:\/\/castor-pollux-bateau.com\/index.php\/produit\/coffret-cadeau-extension-hauturiere-en-presentiel\/"]}]},{"@type":"ImageObject","inLanguage":"en-US","@id":"https:\/\/castor-pollux-bateau.com\/index.php\/produit\/coffret-cadeau-extension-hauturiere-en-presentiel\/#primaryimage","url":"https:\/\/castor-pollux-bateau.com\/wp-content\/uploads\/2025\/03\/flyer-7-sundeck-pilotage.webp","contentUrl":"https:\/\/castor-pollux-bateau.com\/wp-content\/uploads\/2025\/03\/flyer-7-sundeck-pilotage.webp","width":1440,"height":786},{"@type":"BreadcrumbList","@id":"https:\/\/castor-pollux-bateau.com\/index.php\/produit\/coffret-cadeau-extension-hauturiere-en-presentiel\/#breadcrumb","itemListElement":[{"@type":"ListItem","position":1,"name":"Accueil","item":"https:\/\/castor-pollux-bateau.com\/"},{"@type":"ListItem","position":2,"name":"Boutique","item":"https:\/\/castor-pollux-bateau.com\/"},{"@type":"ListItem","position":3,"name":"Coffret cadeau Extension hauturi\u00e8re en pr\u00e9sentiel"}]},{"@type":"WebSite","@id":"https:\/\/castor-pollux-bateau.com\/#website","url":"https:\/\/castor-pollux-bateau.com\/","name":"Castor et Pollux","description":"","publisher":{"@id":"https:\/\/castor-pollux-bateau.com\/#organization"},"potentialAction":[{"@type":"SearchAction","target":{"@type":"EntryPoint","urlTemplate":"https:\/\/castor-pollux-bateau.com\/?s={search_term_string}"},"query-input":{"@type":"PropertyValueSpecification","valueRequired":true,"valueName":"search_term_string"}}],"inLanguage":"en-US"},{"@type":"Organization","@id":"https:\/\/castor-pollux-bateau.com\/#organization","name":"Castor et Pollux","url":"https:\/\/castor-pollux-bateau.com\/","logo":{"@type":"ImageObject","inLanguage":"en-US","@id":"https:\/\/castor-pollux-bateau.com\/#\/schema\/logo\/image\/","url":"https:\/\/castor-pollux-bateau.com\/wp-content\/uploads\/2025\/03\/Logo-CastorPollux.png","contentUrl":"https:\/\/castor-pollux-bateau.com\/wp-content\/uploads\/2025\/03\/Logo-CastorPollux.png","width":640,"height":425,"caption":"Castor et Pollux"},"image":{"@id":"https:\/\/castor-pollux-bateau.com\/#\/schema\/logo\/image\/"}}]}},"_links":{"self":[{"href":"https:\/\/castor-pollux-bateau.com\/index.php\/wp-json\/wp\/v2\/product\/469","targetHints":{"allow":["GET"]}}],"collection":[{"href":"https:\/\/castor-pollux-bateau.com\/index.php\/wp-json\/wp\/v2\/product"}],"about":[{"href":"https:\/\/castor-pollux-bateau.com\/index.php\/wp-json\/wp\/v2\/types\/product"}],"wp:featuredmedia":[{"embeddable":true,"href":"https:\/\/castor-pollux-bateau.com\/index.php\/wp-json\/wp\/v2\/media\/28"}],"wp:attachment":[{"href":"https:\/\/castor-pollux-bateau.com\/index.php\/wp-json\/wp\/v2\/media?parent=469"}],"wp:term":[{"taxonomy":"product_brand","embeddable":true,"href":"https:\/\/castor-pollux-bateau.com\/index.php\/wp-json\/wp\/v2\/product_brand?post=469"},{"taxonomy":"product_cat","embeddable":true,"href":"https:\/\/castor-pollux-bateau.com\/index.php\/wp-json\/wp\/v2\/product_cat?post=469"},{"taxonomy":"product_tag","embeddable":true,"href":"https:\/\/castor-pollux-bateau.com\/index.php\/wp-json\/wp\/v2\/product_tag?post=469"}],"curies":[{"name":"wp","href":"https:\/\/api.w.org\/{rel}","templated":true}]}}