{"id":64,"date":"2025-03-26T09:59:04","date_gmt":"2025-03-26T08:59:04","guid":{"rendered":"https:\/\/castor-pollux-bateau.com\/?post_type=product&#038;p=64"},"modified":"2026-01-05T08:47:07","modified_gmt":"2026-01-05T07:47:07","slug":"coffret-cadeau-permis-bateau-cotier-formule-essentielle","status":"publish","type":"product","link":"https:\/\/castor-pollux-bateau.com\/index.php\/produit\/coffret-cadeau-permis-bateau-cotier-formule-essentielle\/","title":{"rendered":"Permis Bateau C\u00f4tier &#8211; Formule Essentielle"},"content":{"rendered":"<p>Commandez la formule de votre choix, recevez le coffret-cadeau par courrier ou en agence puis offrez-lui pour commencer la formation.<\/p>\n<p><strong>Compris :<\/strong><\/p>\n<ul>\n<li style=\"list-style-type: none;\">\n<ul>\n<li>Cours th\u00e9orique 6h30 soirs ou week-end au choix<\/li>\n<li>Formation pratique 4h de navigation sur le bateau sur le bassin d&#8217;Arcachon<\/li>\n<li>Gestion administrative jusqu&#8217;\u00e0 obtention du permis bateau<\/li>\n<li><strong>OFFERT : <\/strong>Acc\u00e8s imm\u00e9diat \u00e0 votre formation en <strong>100% illimit\u00e9 en ligne<\/strong> &#8211; (valeur 20\u20ac)<\/li>\n<li><strong>OFFERT : <\/strong>Coffret p\u00e9dagogique avec livre de code, livret du candidat, bloc note, stylo &#8211; (valeur 20\u20ac)<\/li>\n<li><strong>OFFERT :<\/strong> Emballage cadeau marini\u00e8re \ud83c\udf81 (valeur 5\u20ac)<\/li>\n<li><strong>50\u20ac de remise<\/strong> pour la location sur 1 journ\u00e9e de nos bateaux<\/li>\n<\/ul>\n<\/li>\n<\/ul>\n<p>&nbsp;<\/p>\n","protected":false},"excerpt":{"rendered":"<p><span class=\"notion-enable-hover\" data-token-index=\"0\" data-reactroot=\"\">&#8220;Simple, rapide et efficace, offrez la formule classique pour l&#8217;obtention votre permis bateau en allant \u00e0 l\u2019essentiel.&#8221;<\/span><\/p>\n","protected":false},"featured_media":17,"template":"","meta":[],"product_brand":[],"product_cat":[16],"product_tag":[],"class_list":{"0":"post-64","1":"product","2":"type-product","3":"status-publish","4":"has-post-thumbnail","6":"product_cat-coffret-cadeau","8":"first","9":"instock","10":"downloadable","11":"taxable","12":"shipping-taxable","13":"purchasable","14":"product-type-simple"},"yoast_head":"<!-- This site is optimized with the Yoast SEO plugin v27.4 - https:\/\/yoast.com\/product\/yoast-seo-wordpress\/ -->\n<title>Permis Bateau C\u00f4tier - Formule Essentielle - Castor et Pollux<\/title>\n<meta name=\"description\" content=\"Offrez l\u2019aventure avec notre coffret cadeau Permis bateau c\u00f4tier Essentiel sur le Bassin d\u2019Arcachon ! Une formation compl\u00e8te pour apprendre \u00e0 naviguer en toute s\u00e9curit\u00e9. Id\u00e9al pour les passionn\u00e9s de la mer !\" \/>\n<meta name=\"robots\" content=\"index, follow, max-snippet:-1, max-image-preview:large, max-video-preview:-1\" \/>\n<link rel=\"canonical\" href=\"https:\/\/castor-pollux-bateau.com\/index.php\/produit\/coffret-cadeau-permis-bateau-cotier-formule-essentielle\/\" \/>\n<meta property=\"og:locale\" content=\"en_US\" \/>\n<meta property=\"og:type\" content=\"article\" \/>\n<meta property=\"og:title\" content=\"Permis Bateau C\u00f4tier - Formule Essentielle - Castor et Pollux\" \/>\n<meta property=\"og:description\" content=\"Offrez l\u2019aventure avec notre coffret cadeau Permis bateau c\u00f4tier Essentiel sur le Bassin d\u2019Arcachon ! Une formation compl\u00e8te pour apprendre \u00e0 naviguer en toute s\u00e9curit\u00e9. Id\u00e9al pour les passionn\u00e9s de la mer !\" \/>\n<meta property=\"og:url\" content=\"https:\/\/castor-pollux-bateau.com\/index.php\/produit\/coffret-cadeau-permis-bateau-cotier-formule-essentielle\/\" \/>\n<meta property=\"og:site_name\" content=\"Castor et Pollux\" \/>\n<meta property=\"article:modified_time\" content=\"2026-01-05T07:47:07+00:00\" \/>\n<meta property=\"og:image\" content=\"http:\/\/castor-pollux-bateau.com\/wp-content\/uploads\/2025\/03\/coffret-cadeau-permis-bateau-cotier-essentielle.webp\" \/>\n\t<meta property=\"og:image:width\" content=\"1080\" \/>\n\t<meta property=\"og:image:height\" content=\"1080\" \/>\n\t<meta property=\"og:image:type\" content=\"image\/webp\" \/>\n<meta name=\"twitter:card\" content=\"summary_large_image\" \/>\n<meta name=\"twitter:label1\" content=\"Est. reading time\" \/>\n\t<meta name=\"twitter:data1\" content=\"1 minute\" \/>\n<script type=\"application\/ld+json\" class=\"yoast-schema-graph\">{\"@context\":\"https:\\\/\\\/schema.org\",\"@graph\":[{\"@type\":\"WebPage\",\"@id\":\"https:\\\/\\\/castor-pollux-bateau.com\\\/index.php\\\/produit\\\/coffret-cadeau-permis-bateau-cotier-formule-essentielle\\\/\",\"url\":\"https:\\\/\\\/castor-pollux-bateau.com\\\/index.php\\\/produit\\\/coffret-cadeau-permis-bateau-cotier-formule-essentielle\\\/\",\"name\":\"Permis Bateau C\u00f4tier - Formule Essentielle - Castor et Pollux\",\"isPartOf\":{\"@id\":\"https:\\\/\\\/castor-pollux-bateau.com\\\/#website\"},\"primaryImageOfPage\":{\"@id\":\"https:\\\/\\\/castor-pollux-bateau.com\\\/index.php\\\/produit\\\/coffret-cadeau-permis-bateau-cotier-formule-essentielle\\\/#primaryimage\"},\"image\":{\"@id\":\"https:\\\/\\\/castor-pollux-bateau.com\\\/index.php\\\/produit\\\/coffret-cadeau-permis-bateau-cotier-formule-essentielle\\\/#primaryimage\"},\"thumbnailUrl\":\"https:\\\/\\\/castor-pollux-bateau.com\\\/wp-content\\\/uploads\\\/2025\\\/03\\\/coffret-cadeau-permis-bateau-cotier-essentielle.webp\",\"datePublished\":\"2025-03-26T08:59:04+00:00\",\"dateModified\":\"2026-01-05T07:47:07+00:00\",\"description\":\"Offrez l\u2019aventure avec notre coffret cadeau Permis bateau c\u00f4tier Essentiel sur le Bassin d\u2019Arcachon ! Une formation compl\u00e8te pour apprendre \u00e0 naviguer en toute s\u00e9curit\u00e9. Id\u00e9al pour les passionn\u00e9s de la mer !\",\"breadcrumb\":{\"@id\":\"https:\\\/\\\/castor-pollux-bateau.com\\\/index.php\\\/produit\\\/coffret-cadeau-permis-bateau-cotier-formule-essentielle\\\/#breadcrumb\"},\"inLanguage\":\"en-US\",\"potentialAction\":[{\"@type\":\"ReadAction\",\"target\":[\"https:\\\/\\\/castor-pollux-bateau.com\\\/index.php\\\/produit\\\/coffret-cadeau-permis-bateau-cotier-formule-essentielle\\\/\"]}]},{\"@type\":\"ImageObject\",\"inLanguage\":\"en-US\",\"@id\":\"https:\\\/\\\/castor-pollux-bateau.com\\\/index.php\\\/produit\\\/coffret-cadeau-permis-bateau-cotier-formule-essentielle\\\/#primaryimage\",\"url\":\"https:\\\/\\\/castor-pollux-bateau.com\\\/wp-content\\\/uploads\\\/2025\\\/03\\\/coffret-cadeau-permis-bateau-cotier-essentielle.webp\",\"contentUrl\":\"https:\\\/\\\/castor-pollux-bateau.com\\\/wp-content\\\/uploads\\\/2025\\\/03\\\/coffret-cadeau-permis-bateau-cotier-essentielle.webp\",\"width\":1080,\"height\":1080},{\"@type\":\"BreadcrumbList\",\"@id\":\"https:\\\/\\\/castor-pollux-bateau.com\\\/index.php\\\/produit\\\/coffret-cadeau-permis-bateau-cotier-formule-essentielle\\\/#breadcrumb\",\"itemListElement\":[{\"@type\":\"ListItem\",\"position\":1,\"name\":\"Accueil\",\"item\":\"https:\\\/\\\/castor-pollux-bateau.com\\\/\"},{\"@type\":\"ListItem\",\"position\":2,\"name\":\"Boutique\",\"item\":\"https:\\\/\\\/castor-pollux-bateau.com\\\/\"},{\"@type\":\"ListItem\",\"position\":3,\"name\":\"Permis Bateau C\u00f4tier &#8211; Formule Essentielle\"}]},{\"@type\":\"WebSite\",\"@id\":\"https:\\\/\\\/castor-pollux-bateau.com\\\/#website\",\"url\":\"https:\\\/\\\/castor-pollux-bateau.com\\\/\",\"name\":\"Castor et Pollux\",\"description\":\"\",\"publisher\":{\"@id\":\"https:\\\/\\\/castor-pollux-bateau.com\\\/#organization\"},\"potentialAction\":[{\"@type\":\"SearchAction\",\"target\":{\"@type\":\"EntryPoint\",\"urlTemplate\":\"https:\\\/\\\/castor-pollux-bateau.com\\\/?s={search_term_string}\"},\"query-input\":{\"@type\":\"PropertyValueSpecification\",\"valueRequired\":true,\"valueName\":\"search_term_string\"}}],\"inLanguage\":\"en-US\"},{\"@type\":\"Organization\",\"@id\":\"https:\\\/\\\/castor-pollux-bateau.com\\\/#organization\",\"name\":\"Castor et Pollux\",\"url\":\"https:\\\/\\\/castor-pollux-bateau.com\\\/\",\"logo\":{\"@type\":\"ImageObject\",\"inLanguage\":\"en-US\",\"@id\":\"https:\\\/\\\/castor-pollux-bateau.com\\\/#\\\/schema\\\/logo\\\/image\\\/\",\"url\":\"https:\\\/\\\/castor-pollux-bateau.com\\\/wp-content\\\/uploads\\\/2025\\\/03\\\/Logo-CastorPollux.png\",\"contentUrl\":\"https:\\\/\\\/castor-pollux-bateau.com\\\/wp-content\\\/uploads\\\/2025\\\/03\\\/Logo-CastorPollux.png\",\"width\":640,\"height\":425,\"caption\":\"Castor et Pollux\"},\"image\":{\"@id\":\"https:\\\/\\\/castor-pollux-bateau.com\\\/#\\\/schema\\\/logo\\\/image\\\/\"}}]}<\/script>\n<!-- \/ Yoast SEO plugin. -->","yoast_head_json":{"title":"Permis Bateau C\u00f4tier - Formule Essentielle - Castor et Pollux","description":"Offrez l\u2019aventure avec notre coffret cadeau Permis bateau c\u00f4tier Essentiel sur le Bassin d\u2019Arcachon ! Une formation compl\u00e8te pour apprendre \u00e0 naviguer en toute s\u00e9curit\u00e9. Id\u00e9al pour les passionn\u00e9s de la mer !","robots":{"index":"index","follow":"follow","max-snippet":"max-snippet:-1","max-image-preview":"max-image-preview:large","max-video-preview":"max-video-preview:-1"},"canonical":"https:\/\/castor-pollux-bateau.com\/index.php\/produit\/coffret-cadeau-permis-bateau-cotier-formule-essentielle\/","og_locale":"en_US","og_type":"article","og_title":"Permis Bateau C\u00f4tier - Formule Essentielle - Castor et Pollux","og_description":"Offrez l\u2019aventure avec notre coffret cadeau Permis bateau c\u00f4tier Essentiel sur le Bassin d\u2019Arcachon ! Une formation compl\u00e8te pour apprendre \u00e0 naviguer en toute s\u00e9curit\u00e9. Id\u00e9al pour les passionn\u00e9s de la mer !","og_url":"https:\/\/castor-pollux-bateau.com\/index.php\/produit\/coffret-cadeau-permis-bateau-cotier-formule-essentielle\/","og_site_name":"Castor et Pollux","article_modified_time":"2026-01-05T07:47:07+00:00","og_image":[{"width":1080,"height":1080,"url":"http:\/\/castor-pollux-bateau.com\/wp-content\/uploads\/2025\/03\/coffret-cadeau-permis-bateau-cotier-essentielle.webp","type":"image\/webp"}],"twitter_card":"summary_large_image","twitter_misc":{"Est. reading time":"1 minute"},"schema":{"@context":"https:\/\/schema.org","@graph":[{"@type":"WebPage","@id":"https:\/\/castor-pollux-bateau.com\/index.php\/produit\/coffret-cadeau-permis-bateau-cotier-formule-essentielle\/","url":"https:\/\/castor-pollux-bateau.com\/index.php\/produit\/coffret-cadeau-permis-bateau-cotier-formule-essentielle\/","name":"Permis Bateau C\u00f4tier - Formule Essentielle - Castor et Pollux","isPartOf":{"@id":"https:\/\/castor-pollux-bateau.com\/#website"},"primaryImageOfPage":{"@id":"https:\/\/castor-pollux-bateau.com\/index.php\/produit\/coffret-cadeau-permis-bateau-cotier-formule-essentielle\/#primaryimage"},"image":{"@id":"https:\/\/castor-pollux-bateau.com\/index.php\/produit\/coffret-cadeau-permis-bateau-cotier-formule-essentielle\/#primaryimage"},"thumbnailUrl":"https:\/\/castor-pollux-bateau.com\/wp-content\/uploads\/2025\/03\/coffret-cadeau-permis-bateau-cotier-essentielle.webp","datePublished":"2025-03-26T08:59:04+00:00","dateModified":"2026-01-05T07:47:07+00:00","description":"Offrez l\u2019aventure avec notre coffret cadeau Permis bateau c\u00f4tier Essentiel sur le Bassin d\u2019Arcachon ! Une formation compl\u00e8te pour apprendre \u00e0 naviguer en toute s\u00e9curit\u00e9. Id\u00e9al pour les passionn\u00e9s de la mer !","breadcrumb":{"@id":"https:\/\/castor-pollux-bateau.com\/index.php\/produit\/coffret-cadeau-permis-bateau-cotier-formule-essentielle\/#breadcrumb"},"inLanguage":"en-US","potentialAction":[{"@type":"ReadAction","target":["https:\/\/castor-pollux-bateau.com\/index.php\/produit\/coffret-cadeau-permis-bateau-cotier-formule-essentielle\/"]}]},{"@type":"ImageObject","inLanguage":"en-US","@id":"https:\/\/castor-pollux-bateau.com\/index.php\/produit\/coffret-cadeau-permis-bateau-cotier-formule-essentielle\/#primaryimage","url":"https:\/\/castor-pollux-bateau.com\/wp-content\/uploads\/2025\/03\/coffret-cadeau-permis-bateau-cotier-essentielle.webp","contentUrl":"https:\/\/castor-pollux-bateau.com\/wp-content\/uploads\/2025\/03\/coffret-cadeau-permis-bateau-cotier-essentielle.webp","width":1080,"height":1080},{"@type":"BreadcrumbList","@id":"https:\/\/castor-pollux-bateau.com\/index.php\/produit\/coffret-cadeau-permis-bateau-cotier-formule-essentielle\/#breadcrumb","itemListElement":[{"@type":"ListItem","position":1,"name":"Accueil","item":"https:\/\/castor-pollux-bateau.com\/"},{"@type":"ListItem","position":2,"name":"Boutique","item":"https:\/\/castor-pollux-bateau.com\/"},{"@type":"ListItem","position":3,"name":"Permis Bateau C\u00f4tier &#8211; Formule Essentielle"}]},{"@type":"WebSite","@id":"https:\/\/castor-pollux-bateau.com\/#website","url":"https:\/\/castor-pollux-bateau.com\/","name":"Castor et Pollux","description":"","publisher":{"@id":"https:\/\/castor-pollux-bateau.com\/#organization"},"potentialAction":[{"@type":"SearchAction","target":{"@type":"EntryPoint","urlTemplate":"https:\/\/castor-pollux-bateau.com\/?s={search_term_string}"},"query-input":{"@type":"PropertyValueSpecification","valueRequired":true,"valueName":"search_term_string"}}],"inLanguage":"en-US"},{"@type":"Organization","@id":"https:\/\/castor-pollux-bateau.com\/#organization","name":"Castor et Pollux","url":"https:\/\/castor-pollux-bateau.com\/","logo":{"@type":"ImageObject","inLanguage":"en-US","@id":"https:\/\/castor-pollux-bateau.com\/#\/schema\/logo\/image\/","url":"https:\/\/castor-pollux-bateau.com\/wp-content\/uploads\/2025\/03\/Logo-CastorPollux.png","contentUrl":"https:\/\/castor-pollux-bateau.com\/wp-content\/uploads\/2025\/03\/Logo-CastorPollux.png","width":640,"height":425,"caption":"Castor et Pollux"},"image":{"@id":"https:\/\/castor-pollux-bateau.com\/#\/schema\/logo\/image\/"}}]}},"_links":{"self":[{"href":"https:\/\/castor-pollux-bateau.com\/index.php\/wp-json\/wp\/v2\/product\/64","targetHints":{"allow":["GET"]}}],"collection":[{"href":"https:\/\/castor-pollux-bateau.com\/index.php\/wp-json\/wp\/v2\/product"}],"about":[{"href":"https:\/\/castor-pollux-bateau.com\/index.php\/wp-json\/wp\/v2\/types\/product"}],"wp:featuredmedia":[{"embeddable":true,"href":"https:\/\/castor-pollux-bateau.com\/index.php\/wp-json\/wp\/v2\/media\/17"}],"wp:attachment":[{"href":"https:\/\/castor-pollux-bateau.com\/index.php\/wp-json\/wp\/v2\/media?parent=64"}],"wp:term":[{"taxonomy":"product_brand","embeddable":true,"href":"https:\/\/castor-pollux-bateau.com\/index.php\/wp-json\/wp\/v2\/product_brand?post=64"},{"taxonomy":"product_cat","embeddable":true,"href":"https:\/\/castor-pollux-bateau.com\/index.php\/wp-json\/wp\/v2\/product_cat?post=64"},{"taxonomy":"product_tag","embeddable":true,"href":"https:\/\/castor-pollux-bateau.com\/index.php\/wp-json\/wp\/v2\/product_tag?post=64"}],"curies":[{"name":"wp","href":"https:\/\/api.w.org\/{rel}","templated":true}]}}