{"id":65,"date":"2025-03-26T10:00:04","date_gmt":"2025-03-26T09:00:04","guid":{"rendered":"https:\/\/castor-pollux-bateau.com\/?post_type=product&#038;p=65"},"modified":"2025-03-31T15:22:52","modified_gmt":"2025-03-31T13:22:52","slug":"perfectionnement-prestige-1-journee-complete-de-navigation-sur-le-bassin-darcachon","status":"publish","type":"product","link":"https:\/\/castor-pollux-bateau.com\/index.php\/produit\/perfectionnement-prestige-1-journee-complete-de-navigation-sur-le-bassin-darcachon\/","title":{"rendered":"Perfectionnement Prestige 1 journ\u00e9e compl\u00e8te de navigation sur le Bassin d&#8217;Arcachon"},"content":{"rendered":"<ul>\n<li style=\"font-weight: 400;\" aria-level=\"1\"><span style=\"font-weight: 400;\">Parcours d\u2019une journ\u00e9e en petit groupe sur le Bassin d\u2019Arcachon avec moniteur dipl\u00f4m\u00e9 d\u2019\u00c9tat<\/span><\/li>\n<li style=\"font-weight: 400;\" aria-level=\"1\"><span style=\"font-weight: 400;\">Man\u0153uvres au port d\u2019Arcachon et au port de la Vigne au Cap Ferret<\/span><\/li>\n<li style=\"font-weight: 400;\" aria-level=\"1\"><span style=\"font-weight: 400;\">Utilisation du GPS et du Sondeur<\/span><\/li>\n<li style=\"font-weight: 400;\" aria-level=\"1\"><span style=\"font-weight: 400;\">Navigation autour des bancs de sables et des parcs \u00e0 hu\u00eetres<\/span><\/li>\n<li style=\"font-weight: 400;\" aria-level=\"1\"><span style=\"font-weight: 400;\">Repas plateaux de fruits de mer chez l&#8217;ostr\u00e9iculteur<\/span><\/li>\n<li style=\"font-weight: 400;\" aria-level=\"1\"><span style=\"font-weight: 400;\">Bateau semi-rigide 7 m\u00e8tres 200 CV Joker Boat<\/span><\/li>\n<\/ul>\n","protected":false},"excerpt":{"rendered":"<p><i><span style=\"font-weight: 400;\">\u201cD\u00e9couvrez le Bassin d\u2019Arcachon le temps d\u2019une journ\u00e9e avec une mise en situation en mer. Une sortie conviviale en groupe, vous pilotez, le formateur vous guide, vous \u00eates chef de bord&#8221;.<\/span><\/i><\/p>\n","protected":false},"featured_media":14,"template":"","meta":[],"product_brand":[],"product_cat":[21],"product_tag":[],"class_list":{"0":"post-65","1":"product","2":"type-product","3":"status-publish","4":"has-post-thumbnail","6":"product_cat-perfectionnement","8":"first","9":"instock","10":"taxable","11":"shipping-taxable","12":"purchasable","13":"product-type-simple"},"yoast_head":"<!-- This site is optimized with the Yoast SEO plugin v27.4 - https:\/\/yoast.com\/product\/yoast-seo-wordpress\/ -->\n<title>Perfectionnement Prestige 1 journ\u00e9e compl\u00e8te de navigation sur le Bassin d&#039;Arcachon - Castor et Pollux<\/title>\n<meta name=\"description\" content=\"Profitez d\u2019un perfectionnement intensif en navigation sur le Bassin d\u2019Arcachon ! Une journ\u00e9e compl\u00e8te pour ma\u00eetriser man\u0153uvres, pilotage et s\u00e9curit\u00e9 en conditions r\u00e9elles avec un professionnel.\" \/>\n<meta name=\"robots\" content=\"index, follow, max-snippet:-1, max-image-preview:large, max-video-preview:-1\" \/>\n<link rel=\"canonical\" href=\"https:\/\/castor-pollux-bateau.com\/index.php\/produit\/perfectionnement-prestige-1-journee-complete-de-navigation-sur-le-bassin-darcachon\/\" \/>\n<meta property=\"og:locale\" content=\"en_US\" \/>\n<meta property=\"og:type\" content=\"article\" \/>\n<meta property=\"og:title\" content=\"Perfectionnement Prestige 1 journ\u00e9e compl\u00e8te de navigation sur le Bassin d&#039;Arcachon - Castor et Pollux\" \/>\n<meta property=\"og:description\" content=\"Profitez d\u2019un perfectionnement intensif en navigation sur le Bassin d\u2019Arcachon ! Une journ\u00e9e compl\u00e8te pour ma\u00eetriser man\u0153uvres, pilotage et s\u00e9curit\u00e9 en conditions r\u00e9elles avec un professionnel.\" \/>\n<meta property=\"og:url\" content=\"https:\/\/castor-pollux-bateau.com\/index.php\/produit\/perfectionnement-prestige-1-journee-complete-de-navigation-sur-le-bassin-darcachon\/\" \/>\n<meta property=\"og:site_name\" content=\"Castor et Pollux\" \/>\n<meta property=\"article:modified_time\" content=\"2025-03-31T13:22:52+00:00\" \/>\n<meta property=\"og:image\" content=\"http:\/\/castor-pollux-bateau.com\/wp-content\/uploads\/2025\/03\/accompagnement-pratique-bateau.webp\" \/>\n\t<meta property=\"og:image:width\" content=\"720\" \/>\n\t<meta property=\"og:image:height\" content=\"720\" \/>\n\t<meta property=\"og:image:type\" content=\"image\/webp\" \/>\n<meta name=\"twitter:card\" content=\"summary_large_image\" \/>\n<meta name=\"twitter:label1\" content=\"Est. reading time\" \/>\n\t<meta name=\"twitter:data1\" content=\"1 minute\" \/>\n<script type=\"application\/ld+json\" class=\"yoast-schema-graph\">{\"@context\":\"https:\\\/\\\/schema.org\",\"@graph\":[{\"@type\":\"WebPage\",\"@id\":\"https:\\\/\\\/castor-pollux-bateau.com\\\/index.php\\\/produit\\\/perfectionnement-prestige-1-journee-complete-de-navigation-sur-le-bassin-darcachon\\\/\",\"url\":\"https:\\\/\\\/castor-pollux-bateau.com\\\/index.php\\\/produit\\\/perfectionnement-prestige-1-journee-complete-de-navigation-sur-le-bassin-darcachon\\\/\",\"name\":\"Perfectionnement Prestige 1 journ\u00e9e compl\u00e8te de navigation sur le Bassin d'Arcachon - Castor et Pollux\",\"isPartOf\":{\"@id\":\"https:\\\/\\\/castor-pollux-bateau.com\\\/#website\"},\"primaryImageOfPage\":{\"@id\":\"https:\\\/\\\/castor-pollux-bateau.com\\\/index.php\\\/produit\\\/perfectionnement-prestige-1-journee-complete-de-navigation-sur-le-bassin-darcachon\\\/#primaryimage\"},\"image\":{\"@id\":\"https:\\\/\\\/castor-pollux-bateau.com\\\/index.php\\\/produit\\\/perfectionnement-prestige-1-journee-complete-de-navigation-sur-le-bassin-darcachon\\\/#primaryimage\"},\"thumbnailUrl\":\"https:\\\/\\\/castor-pollux-bateau.com\\\/wp-content\\\/uploads\\\/2025\\\/03\\\/accompagnement-pratique-bateau.webp\",\"datePublished\":\"2025-03-26T09:00:04+00:00\",\"dateModified\":\"2025-03-31T13:22:52+00:00\",\"description\":\"Profitez d\u2019un perfectionnement intensif en navigation sur le Bassin d\u2019Arcachon ! Une journ\u00e9e compl\u00e8te pour ma\u00eetriser man\u0153uvres, pilotage et s\u00e9curit\u00e9 en conditions r\u00e9elles avec un professionnel.\",\"breadcrumb\":{\"@id\":\"https:\\\/\\\/castor-pollux-bateau.com\\\/index.php\\\/produit\\\/perfectionnement-prestige-1-journee-complete-de-navigation-sur-le-bassin-darcachon\\\/#breadcrumb\"},\"inLanguage\":\"en-US\",\"potentialAction\":[{\"@type\":\"ReadAction\",\"target\":[\"https:\\\/\\\/castor-pollux-bateau.com\\\/index.php\\\/produit\\\/perfectionnement-prestige-1-journee-complete-de-navigation-sur-le-bassin-darcachon\\\/\"]}]},{\"@type\":\"ImageObject\",\"inLanguage\":\"en-US\",\"@id\":\"https:\\\/\\\/castor-pollux-bateau.com\\\/index.php\\\/produit\\\/perfectionnement-prestige-1-journee-complete-de-navigation-sur-le-bassin-darcachon\\\/#primaryimage\",\"url\":\"https:\\\/\\\/castor-pollux-bateau.com\\\/wp-content\\\/uploads\\\/2025\\\/03\\\/accompagnement-pratique-bateau.webp\",\"contentUrl\":\"https:\\\/\\\/castor-pollux-bateau.com\\\/wp-content\\\/uploads\\\/2025\\\/03\\\/accompagnement-pratique-bateau.webp\",\"width\":720,\"height\":720},{\"@type\":\"BreadcrumbList\",\"@id\":\"https:\\\/\\\/castor-pollux-bateau.com\\\/index.php\\\/produit\\\/perfectionnement-prestige-1-journee-complete-de-navigation-sur-le-bassin-darcachon\\\/#breadcrumb\",\"itemListElement\":[{\"@type\":\"ListItem\",\"position\":1,\"name\":\"Accueil\",\"item\":\"https:\\\/\\\/castor-pollux-bateau.com\\\/\"},{\"@type\":\"ListItem\",\"position\":2,\"name\":\"Boutique\",\"item\":\"https:\\\/\\\/castor-pollux-bateau.com\\\/\"},{\"@type\":\"ListItem\",\"position\":3,\"name\":\"Perfectionnement Prestige 1 journ\u00e9e compl\u00e8te de navigation sur le Bassin d&rsquo;Arcachon\"}]},{\"@type\":\"WebSite\",\"@id\":\"https:\\\/\\\/castor-pollux-bateau.com\\\/#website\",\"url\":\"https:\\\/\\\/castor-pollux-bateau.com\\\/\",\"name\":\"Castor et Pollux\",\"description\":\"\",\"publisher\":{\"@id\":\"https:\\\/\\\/castor-pollux-bateau.com\\\/#organization\"},\"potentialAction\":[{\"@type\":\"SearchAction\",\"target\":{\"@type\":\"EntryPoint\",\"urlTemplate\":\"https:\\\/\\\/castor-pollux-bateau.com\\\/?s={search_term_string}\"},\"query-input\":{\"@type\":\"PropertyValueSpecification\",\"valueRequired\":true,\"valueName\":\"search_term_string\"}}],\"inLanguage\":\"en-US\"},{\"@type\":\"Organization\",\"@id\":\"https:\\\/\\\/castor-pollux-bateau.com\\\/#organization\",\"name\":\"Castor et Pollux\",\"url\":\"https:\\\/\\\/castor-pollux-bateau.com\\\/\",\"logo\":{\"@type\":\"ImageObject\",\"inLanguage\":\"en-US\",\"@id\":\"https:\\\/\\\/castor-pollux-bateau.com\\\/#\\\/schema\\\/logo\\\/image\\\/\",\"url\":\"https:\\\/\\\/castor-pollux-bateau.com\\\/wp-content\\\/uploads\\\/2025\\\/03\\\/Logo-CastorPollux.png\",\"contentUrl\":\"https:\\\/\\\/castor-pollux-bateau.com\\\/wp-content\\\/uploads\\\/2025\\\/03\\\/Logo-CastorPollux.png\",\"width\":640,\"height\":425,\"caption\":\"Castor et Pollux\"},\"image\":{\"@id\":\"https:\\\/\\\/castor-pollux-bateau.com\\\/#\\\/schema\\\/logo\\\/image\\\/\"}}]}<\/script>\n<!-- \/ Yoast SEO plugin. -->","yoast_head_json":{"title":"Perfectionnement Prestige 1 journ\u00e9e compl\u00e8te de navigation sur le Bassin d'Arcachon - Castor et Pollux","description":"Profitez d\u2019un perfectionnement intensif en navigation sur le Bassin d\u2019Arcachon ! Une journ\u00e9e compl\u00e8te pour ma\u00eetriser man\u0153uvres, pilotage et s\u00e9curit\u00e9 en conditions r\u00e9elles avec un professionnel.","robots":{"index":"index","follow":"follow","max-snippet":"max-snippet:-1","max-image-preview":"max-image-preview:large","max-video-preview":"max-video-preview:-1"},"canonical":"https:\/\/castor-pollux-bateau.com\/index.php\/produit\/perfectionnement-prestige-1-journee-complete-de-navigation-sur-le-bassin-darcachon\/","og_locale":"en_US","og_type":"article","og_title":"Perfectionnement Prestige 1 journ\u00e9e compl\u00e8te de navigation sur le Bassin d'Arcachon - Castor et Pollux","og_description":"Profitez d\u2019un perfectionnement intensif en navigation sur le Bassin d\u2019Arcachon ! Une journ\u00e9e compl\u00e8te pour ma\u00eetriser man\u0153uvres, pilotage et s\u00e9curit\u00e9 en conditions r\u00e9elles avec un professionnel.","og_url":"https:\/\/castor-pollux-bateau.com\/index.php\/produit\/perfectionnement-prestige-1-journee-complete-de-navigation-sur-le-bassin-darcachon\/","og_site_name":"Castor et Pollux","article_modified_time":"2025-03-31T13:22:52+00:00","og_image":[{"width":720,"height":720,"url":"http:\/\/castor-pollux-bateau.com\/wp-content\/uploads\/2025\/03\/accompagnement-pratique-bateau.webp","type":"image\/webp"}],"twitter_card":"summary_large_image","twitter_misc":{"Est. reading time":"1 minute"},"schema":{"@context":"https:\/\/schema.org","@graph":[{"@type":"WebPage","@id":"https:\/\/castor-pollux-bateau.com\/index.php\/produit\/perfectionnement-prestige-1-journee-complete-de-navigation-sur-le-bassin-darcachon\/","url":"https:\/\/castor-pollux-bateau.com\/index.php\/produit\/perfectionnement-prestige-1-journee-complete-de-navigation-sur-le-bassin-darcachon\/","name":"Perfectionnement Prestige 1 journ\u00e9e compl\u00e8te de navigation sur le Bassin d'Arcachon - Castor et Pollux","isPartOf":{"@id":"https:\/\/castor-pollux-bateau.com\/#website"},"primaryImageOfPage":{"@id":"https:\/\/castor-pollux-bateau.com\/index.php\/produit\/perfectionnement-prestige-1-journee-complete-de-navigation-sur-le-bassin-darcachon\/#primaryimage"},"image":{"@id":"https:\/\/castor-pollux-bateau.com\/index.php\/produit\/perfectionnement-prestige-1-journee-complete-de-navigation-sur-le-bassin-darcachon\/#primaryimage"},"thumbnailUrl":"https:\/\/castor-pollux-bateau.com\/wp-content\/uploads\/2025\/03\/accompagnement-pratique-bateau.webp","datePublished":"2025-03-26T09:00:04+00:00","dateModified":"2025-03-31T13:22:52+00:00","description":"Profitez d\u2019un perfectionnement intensif en navigation sur le Bassin d\u2019Arcachon ! Une journ\u00e9e compl\u00e8te pour ma\u00eetriser man\u0153uvres, pilotage et s\u00e9curit\u00e9 en conditions r\u00e9elles avec un professionnel.","breadcrumb":{"@id":"https:\/\/castor-pollux-bateau.com\/index.php\/produit\/perfectionnement-prestige-1-journee-complete-de-navigation-sur-le-bassin-darcachon\/#breadcrumb"},"inLanguage":"en-US","potentialAction":[{"@type":"ReadAction","target":["https:\/\/castor-pollux-bateau.com\/index.php\/produit\/perfectionnement-prestige-1-journee-complete-de-navigation-sur-le-bassin-darcachon\/"]}]},{"@type":"ImageObject","inLanguage":"en-US","@id":"https:\/\/castor-pollux-bateau.com\/index.php\/produit\/perfectionnement-prestige-1-journee-complete-de-navigation-sur-le-bassin-darcachon\/#primaryimage","url":"https:\/\/castor-pollux-bateau.com\/wp-content\/uploads\/2025\/03\/accompagnement-pratique-bateau.webp","contentUrl":"https:\/\/castor-pollux-bateau.com\/wp-content\/uploads\/2025\/03\/accompagnement-pratique-bateau.webp","width":720,"height":720},{"@type":"BreadcrumbList","@id":"https:\/\/castor-pollux-bateau.com\/index.php\/produit\/perfectionnement-prestige-1-journee-complete-de-navigation-sur-le-bassin-darcachon\/#breadcrumb","itemListElement":[{"@type":"ListItem","position":1,"name":"Accueil","item":"https:\/\/castor-pollux-bateau.com\/"},{"@type":"ListItem","position":2,"name":"Boutique","item":"https:\/\/castor-pollux-bateau.com\/"},{"@type":"ListItem","position":3,"name":"Perfectionnement Prestige 1 journ\u00e9e compl\u00e8te de navigation sur le Bassin d&rsquo;Arcachon"}]},{"@type":"WebSite","@id":"https:\/\/castor-pollux-bateau.com\/#website","url":"https:\/\/castor-pollux-bateau.com\/","name":"Castor et Pollux","description":"","publisher":{"@id":"https:\/\/castor-pollux-bateau.com\/#organization"},"potentialAction":[{"@type":"SearchAction","target":{"@type":"EntryPoint","urlTemplate":"https:\/\/castor-pollux-bateau.com\/?s={search_term_string}"},"query-input":{"@type":"PropertyValueSpecification","valueRequired":true,"valueName":"search_term_string"}}],"inLanguage":"en-US"},{"@type":"Organization","@id":"https:\/\/castor-pollux-bateau.com\/#organization","name":"Castor et Pollux","url":"https:\/\/castor-pollux-bateau.com\/","logo":{"@type":"ImageObject","inLanguage":"en-US","@id":"https:\/\/castor-pollux-bateau.com\/#\/schema\/logo\/image\/","url":"https:\/\/castor-pollux-bateau.com\/wp-content\/uploads\/2025\/03\/Logo-CastorPollux.png","contentUrl":"https:\/\/castor-pollux-bateau.com\/wp-content\/uploads\/2025\/03\/Logo-CastorPollux.png","width":640,"height":425,"caption":"Castor et Pollux"},"image":{"@id":"https:\/\/castor-pollux-bateau.com\/#\/schema\/logo\/image\/"}}]}},"_links":{"self":[{"href":"https:\/\/castor-pollux-bateau.com\/index.php\/wp-json\/wp\/v2\/product\/65","targetHints":{"allow":["GET"]}}],"collection":[{"href":"https:\/\/castor-pollux-bateau.com\/index.php\/wp-json\/wp\/v2\/product"}],"about":[{"href":"https:\/\/castor-pollux-bateau.com\/index.php\/wp-json\/wp\/v2\/types\/product"}],"wp:featuredmedia":[{"embeddable":true,"href":"https:\/\/castor-pollux-bateau.com\/index.php\/wp-json\/wp\/v2\/media\/14"}],"wp:attachment":[{"href":"https:\/\/castor-pollux-bateau.com\/index.php\/wp-json\/wp\/v2\/media?parent=65"}],"wp:term":[{"taxonomy":"product_brand","embeddable":true,"href":"https:\/\/castor-pollux-bateau.com\/index.php\/wp-json\/wp\/v2\/product_brand?post=65"},{"taxonomy":"product_cat","embeddable":true,"href":"https:\/\/castor-pollux-bateau.com\/index.php\/wp-json\/wp\/v2\/product_cat?post=65"},{"taxonomy":"product_tag","embeddable":true,"href":"https:\/\/castor-pollux-bateau.com\/index.php\/wp-json\/wp\/v2\/product_tag?post=65"}],"curies":[{"name":"wp","href":"https:\/\/api.w.org\/{rel}","templated":true}]}}